{"id":2574,"date":"2023-12-20T14:37:36","date_gmt":"2023-12-20T13:37:36","guid":{"rendered":"https:\/\/polfair.pl\/new\/?page_id=2574"},"modified":"2023-12-27T11:50:44","modified_gmt":"2023-12-27T10:50:44","slug":"polska-izba-przemyslu-targowego-historia","status":"publish","type":"page","link":"https:\/\/polfair.pl\/new\/polska-izba-przemyslu-targowego-historia\/","title":{"rendered":"Polska Izba Przemys\u0142u Targowego &#8211; historia"},"content":{"rendered":"\n<div class=\"wp-block-columns is-layout-flex wp-container-core-columns-is-layout-9d6595d7 wp-block-columns-is-layout-flex\">\n<div class=\"wp-block-column is-layout-flow wp-block-column-is-layout-flow\">\n<h5 class=\"wp-block-heading has-text-align-center\">Galeria zdj\u0119\u0107 &#8211; lata 2001-2015<\/h5>\n\n\n\n<figure class=\"wp-block-image size-full is-resized my-hover\"><a href=\"https:\/\/polfair.pl\/new\/galeria-2001-2015\/\"><img loading=\"lazy\" decoding=\"async\" width=\"1074\" height=\"684\" src=\"https:\/\/polfair.pl\/new\/wp-content\/uploads\/2023\/12\/2001-2015-1.jpg\" alt=\"\" class=\"wp-image-4128\" style=\"object-fit:cover;width:500px;height:300px\" srcset=\"https:\/\/polfair.pl\/new\/wp-content\/uploads\/2023\/12\/2001-2015-1.jpg 1074w, https:\/\/polfair.pl\/new\/wp-content\/uploads\/2023\/12\/2001-2015-1-600x382.jpg 600w, https:\/\/polfair.pl\/new\/wp-content\/uploads\/2023\/12\/2001-2015-1-768x489.jpg 768w\" sizes=\"auto, (max-width: 1074px) 100vw, 1074px\" \/><\/a><figcaption class=\"wp-element-caption\">Kliknij, aby przej\u015b\u0107 do galerii \u2191<\/figcaption><\/figure>\n<\/div>\n\n\n\n<div class=\"wp-block-column is-layout-flow wp-block-column-is-layout-flow\">\n<h5 class=\"wp-block-heading has-text-align-center\">Galeria zdj\u0119\u0107 &#8211; lata 2016-2021<\/h5>\n\n\n\n<figure class=\"wp-block-image size-full is-resized my-hover\"><a href=\"https:\/\/polfair.pl\/new\/galeria-2016-2021\/\"><img loading=\"lazy\" decoding=\"async\" width=\"1125\" height=\"678\" src=\"https:\/\/polfair.pl\/new\/wp-content\/uploads\/2023\/12\/2016-2021-1.jpg\" alt=\"\" class=\"wp-image-4127\" style=\"object-fit:cover;width:500px;height:300px\" srcset=\"https:\/\/polfair.pl\/new\/wp-content\/uploads\/2023\/12\/2016-2021-1.jpg 1125w, https:\/\/polfair.pl\/new\/wp-content\/uploads\/2023\/12\/2016-2021-1-600x362.jpg 600w, https:\/\/polfair.pl\/new\/wp-content\/uploads\/2023\/12\/2016-2021-1-768x463.jpg 768w\" sizes=\"auto, (max-width: 1125px) 100vw, 1125px\" \/><\/a><figcaption class=\"wp-element-caption\">Kliknij, aby przej\u015b\u0107 do galerii \u2191<\/figcaption><\/figure>\n<\/div>\n<\/div>\n\n\n\n<div class=\"wp-block-columns is-layout-flex wp-container-core-columns-is-layout-9d6595d7 wp-block-columns-is-layout-flex\">\n<div class=\"wp-block-column is-layout-flow wp-block-column-is-layout-flow\">\n<h5 class=\"wp-block-heading has-text-align-center\">Galeria zdj\u0119\u0107 &#8211; rok 2022<\/h5>\n\n\n\n<figure class=\"wp-block-image size-full is-resized my-hover\"><a href=\"https:\/\/polfair.pl\/new\/galeria-2022\/\"><img loading=\"lazy\" decoding=\"async\" width=\"1126\" height=\"679\" src=\"https:\/\/polfair.pl\/new\/wp-content\/uploads\/2023\/12\/2022-new.jpg\" alt=\"\" class=\"wp-image-4150\" style=\"object-fit:cover;width:475px;height:300px\" srcset=\"https:\/\/polfair.pl\/new\/wp-content\/uploads\/2023\/12\/2022-new.jpg 1126w, https:\/\/polfair.pl\/new\/wp-content\/uploads\/2023\/12\/2022-new-600x362.jpg 600w, https:\/\/polfair.pl\/new\/wp-content\/uploads\/2023\/12\/2022-new-768x463.jpg 768w\" sizes=\"auto, (max-width: 1126px) 100vw, 1126px\" \/><\/a><figcaption class=\"wp-element-caption\">Kliknij, aby przej\u015b\u0107 do galerii \u2191<\/figcaption><\/figure>\n<\/div>\n\n\n\n<div class=\"wp-block-column is-layout-flow wp-block-column-is-layout-flow\">\n<h5 class=\"wp-block-heading has-text-align-center\">Galeria zdj\u0119\u0107 &#8211; rok 2023<\/h5>\n\n\n\n<figure class=\"wp-block-image size-full is-resized my-hover\"><a href=\"https:\/\/polfair.pl\/new\/galeria-2023\/\"><img loading=\"lazy\" decoding=\"async\" width=\"1152\" height=\"768\" src=\"https:\/\/polfair.pl\/new\/wp-content\/uploads\/2023\/12\/2023-new.jpg\" alt=\"\" class=\"wp-image-4151\" style=\"object-fit:cover;width:500px;height:300px\" srcset=\"https:\/\/polfair.pl\/new\/wp-content\/uploads\/2023\/12\/2023-new.jpg 1152w, https:\/\/polfair.pl\/new\/wp-content\/uploads\/2023\/12\/2023-new-600x400.jpg 600w, https:\/\/polfair.pl\/new\/wp-content\/uploads\/2023\/12\/2023-new-768x512.jpg 768w, https:\/\/polfair.pl\/new\/wp-content\/uploads\/2023\/12\/2023-new-666x444.jpg 666w\" sizes=\"auto, (max-width: 1152px) 100vw, 1152px\" \/><\/a><figcaption class=\"wp-element-caption\">Kliknij, aby przej\u015b\u0107 do galerii \u2191<\/figcaption><\/figure>\n<\/div>\n<\/div>\n","protected":false},"excerpt":{"rendered":"<p>Galeria zdj\u0119\u0107 &#8211; lata 2001-2015 Galeria zdj\u0119\u0107 &#8211; lata 2016-2021 Galeria zdj\u0119\u0107 &#8211; rok 2022 Galeria zdj\u0119\u0107 &#8211; rok 2023<\/p>\n","protected":false},"author":3,"featured_media":0,"parent":0,"menu_order":0,"comment_status":"closed","ping_status":"closed","template":"templates\/no-sidebar.php","meta":{"inline_featured_image":false,"footnotes":""},"class_list":["post-2574","page","type-page","status-publish","hentry"],"_links":{"self":[{"href":"https:\/\/polfair.pl\/new\/wp-json\/wp\/v2\/pages\/2574","targetHints":{"allow":["GET"]}}],"collection":[{"href":"https:\/\/polfair.pl\/new\/wp-json\/wp\/v2\/pages"}],"about":[{"href":"https:\/\/polfair.pl\/new\/wp-json\/wp\/v2\/types\/page"}],"author":[{"embeddable":true,"href":"https:\/\/polfair.pl\/new\/wp-json\/wp\/v2\/users\/3"}],"replies":[{"embeddable":true,"href":"https:\/\/polfair.pl\/new\/wp-json\/wp\/v2\/comments?post=2574"}],"version-history":[{"count":23,"href":"https:\/\/polfair.pl\/new\/wp-json\/wp\/v2\/pages\/2574\/revisions"}],"predecessor-version":[{"id":4172,"href":"https:\/\/polfair.pl\/new\/wp-json\/wp\/v2\/pages\/2574\/revisions\/4172"}],"wp:attachment":[{"href":"https:\/\/polfair.pl\/new\/wp-json\/wp\/v2\/media?parent=2574"}],"curies":[{"name":"wp","href":"https:\/\/api.w.org\/{rel}","templated":true}]}}