{"id":2448,"date":"2023-10-21T18:58:55","date_gmt":"2023-10-21T16:58:55","guid":{"rendered":"https:\/\/polfair.pl\/new\/?page_id=2448"},"modified":"2023-10-21T18:58:56","modified_gmt":"2023-10-21T16:58:56","slug":"istota-i-cechy-audytu","status":"publish","type":"page","link":"https:\/\/polfair.pl\/new\/istota-i-cechy-audytu\/","title":{"rendered":"Istota i cechy audytu"},"content":{"rendered":"\n<div class=\"wp-block-columns is-layout-flex wp-container-core-columns-is-layout-9d6595d7 wp-block-columns-is-layout-flex\">\n<div class=\"wp-block-column is-layout-flow wp-block-column-is-layout-flow\">\n<figure class=\"wp-block-image size-full\"><img loading=\"lazy\" decoding=\"async\" width=\"411\" height=\"123\" src=\"https:\/\/polfair.pl\/new\/wp-content\/uploads\/2023\/09\/centrex-logo.png\" alt=\"\" class=\"wp-image-1830\"\/><\/figure>\n<\/div>\n\n\n\n<div class=\"wp-block-column is-layout-flow wp-block-column-is-layout-flow\">\n<figure class=\"wp-block-image size-full\"><img loading=\"lazy\" decoding=\"async\" width=\"588\" height=\"138\" src=\"https:\/\/polfair.pl\/new\/wp-content\/uploads\/2022\/12\/ufi.png\" alt=\"UFI\" class=\"wp-image-1257\" srcset=\"https:\/\/polfair.pl\/new\/wp-content\/uploads\/2022\/12\/ufi.png 588w, https:\/\/polfair.pl\/new\/wp-content\/uploads\/2022\/12\/ufi-300x70.png 300w\" sizes=\"auto, (max-width: 588px) 100vw, 588px\" \/><\/figure>\n<\/div>\n<\/div>\n\n\n\n<ul>\n<li>Audyt danych statystycznych targ&oacute;w (tj. podstawowych parametr&oacute;w statystycznych opisuj\u0105cych targi: liczby wystawc&oacute;w, liczby zwiedzaj\u0105cych, wielko\u015bci powierzchni targowej wynaj\u0119tej) jest badaniem prowadzonym przez niezale\u017cnego profesjonalnego audytora w celu potwierdzenia zgodno\u015bci prezentowanych informacji ilo\u015bciowych ze stanem faktycznym.<\/li>\n<li>Audyt danych statystycznych targ&oacute;w jest podejmowany z wyboru &ndash; wiod\u0105cy organizatorzy targ&oacute;w na \u015bwiecie, w tym organizatorzy targ&oacute;w w Polsce zrzeszeni w Polskiej Izbie Przemys\u0142u Targowego, decyduj\u0105c si\u0119 na poddanie statystyk targowych swoich imprez targowych audytowi, wspieraj\u0105 klient&oacute;w targ&oacute;w &ndash; Wystawc&oacute;w i Zwiedzaj\u0105cych &ndash; w podejmowaniu decyzji odno\u015bnie wyboru targ&oacute;w pod k\u0105tem realizacji ich cel&oacute;w marketingowych i komunikacyjnych, oferuj\u0105c im wiarygodne, por&oacute;wnywalne w skali mi\u0119dzynarodowej dane statystyczne targ&oacute;w.<\/li>\n<li>Prawid\u0142owa realizacja audytu wymaga od audytora odpowiedniego przygotowania, wiedzy z zakresu specyfiki targ&oacute;w, mi\u0119dzynarodowych standard&oacute;w w zakresie liczenia danych statystycznych targ&oacute;w i definicji statystycznych, a tak\u017ce umiej\u0119tno\u015bci niezb\u0119dnych do uzyskania danych i w\u0142a\u015bciwej interpretacji tych danych. Dlatego wszystkie organizacje zajmuj\u0105ce si\u0119 audytem statystyk targowych s\u0105 cz\u0142onkiem UFI &ndash; \u015awiatowego Stowarzyszenia Przemys\u0142u Targowego, za\u015b stosowane przez nich standardy obliczeniowe i definicje statystyczne s\u0105 oparte o standardy i definicje UFI. Osoby prowadz\u0105ce badania audytowe w imieniu audytora s\u0105 wysokiej klasy ekspertami w bran\u017cy targ&oacute;w, kt&oacute;rzy posiadaj\u0105 odpowiednie kompetencje.<\/li>\n<li>Nie jest intencj\u0105 audytora szukanie nieprawid\u0142owo\u015bci (jak ma to miejsce w wypadku &bdquo;kontroli&rdquo;), lecz poszukiwanie zgodno\u015bci i jej potwierdzanie. Wsp&oacute;\u0142pracuj\u0105c z organizatorem targ&oacute;w audytor chce wykaza\u0107, \u017ce wyliczone przez niego dane statystyczne targ&oacute;w spe\u0142niaj\u0105 warunki standard&oacute;w obliczeniowych i definicji<\/li>\n<li>Rol\u0105 i zadaniem audytora, opr&oacute;cz realizacji bada\u0144 audytowych, jest r&oacute;wnie\u017c wskazanie mo\u017cliwo\u015bci doskonalenia proces&oacute;w gromadzenia i przetwarzania danych statystycznych targ&oacute;w przez ich organizator&oacute;w.<\/li>\n<li>Audyt danych statystycznych targ&oacute;w nie jest dzia\u0142aniem jednorazowym, lecz cyklicznym, realizowanym w zaplanowanych odst\u0119pach czasu. Dzi\u0119ki cyklicznemu badaniu organizator targ&oacute;w dysponuje systematycznie rozbudowywanym zborem danych statystycznych swoich targ&oacute;w, kt&oacute;ry mo\u017ce regularnie wykorzystywa\u0107 w celach promocyjnych i marketingowych.<\/li>\n<li>Audyt danych statystycznych targ&oacute;w umo\u017cliwia organizatorom tych targ&oacute;w prezentacj\u0119 danych w krajowych i mi\u0119dzynarodowych bran\u017cowych raportach statystycznych. Statystyki targ&oacute;w w Polsce s\u0105 regularnie publikowane:\n<ul>\n<li>w&nbsp;<a href=\"\/new\/raport-pipt-targi-w-polsce\/\">Raporcie PIPT Targi w Polsce<\/a>&nbsp;(wydawca: Polska Izba Przemys\u0142u Targowego)<\/li>\n<li>w&nbsp;<a href=\"\/new\/raport-centrex\/\">Raporcie CENTREX<\/a>&nbsp;(wydawca: CENTREX &ndash; Mi\u0119dzynarodowy Zwi\u0105zek Statystyk Targowych &ndash; realizuj\u0105cy audyt dla organizator&oacute;w targ&oacute;w zrzeszonych w Polskiej Izbie Przemys\u0142u Targowego),<\/li>\n<li>&nbsp;w raporcie&nbsp;<a href=\"\/new\/raport-ufi-euro-fair-statistics\/\">Euro Fair Statistics<\/a>&nbsp;(wydawca: UFI &ndash; \u015awiatowe Stowarzyszenie Przemys\u0142u Targowego).<\/li>\n<\/ul>\n<\/li>\n<\/ul>\n","protected":false},"excerpt":{"rendered":"<p>Audyt danych statystycznych targ&oacute;w (tj. podstawowych parametr&oacute;w statystycznych opisuj\u0105cych targi: liczby wystawc&oacute;w, liczby zwiedzaj\u0105cych, wielko\u015bci powierzchni targowej wynaj\u0119tej) jest badaniem &hellip; <span class=\"more-button\"><a href=\"https:\/\/polfair.pl\/new\/istota-i-cechy-audytu\/\" class=\"more-link\">Czytaj wi\u0119cej<span class=\"screen-reader-text\">Istota i cechy audytu<\/span><\/a><\/span><\/p>\n","protected":false},"author":3,"featured_media":0,"parent":0,"menu_order":0,"comment_status":"closed","ping_status":"closed","template":"","meta":{"inline_featured_image":false,"footnotes":""},"class_list":["post-2448","page","type-page","status-publish","hentry"],"_links":{"self":[{"href":"https:\/\/polfair.pl\/new\/wp-json\/wp\/v2\/pages\/2448","targetHints":{"allow":["GET"]}}],"collection":[{"href":"https:\/\/polfair.pl\/new\/wp-json\/wp\/v2\/pages"}],"about":[{"href":"https:\/\/polfair.pl\/new\/wp-json\/wp\/v2\/types\/page"}],"author":[{"embeddable":true,"href":"https:\/\/polfair.pl\/new\/wp-json\/wp\/v2\/users\/3"}],"replies":[{"embeddable":true,"href":"https:\/\/polfair.pl\/new\/wp-json\/wp\/v2\/comments?post=2448"}],"version-history":[{"count":3,"href":"https:\/\/polfair.pl\/new\/wp-json\/wp\/v2\/pages\/2448\/revisions"}],"predecessor-version":[{"id":2451,"href":"https:\/\/polfair.pl\/new\/wp-json\/wp\/v2\/pages\/2448\/revisions\/2451"}],"wp:attachment":[{"href":"https:\/\/polfair.pl\/new\/wp-json\/wp\/v2\/media?parent=2448"}],"curies":[{"name":"wp","href":"https:\/\/api.w.org\/{rel}","templated":true}]}}