{"id":2444,"date":"2023-10-21T18:48:21","date_gmt":"2023-10-21T16:48:21","guid":{"rendered":"https:\/\/polfair.pl\/new\/?page_id=2444"},"modified":"2023-10-21T18:48:21","modified_gmt":"2023-10-21T16:48:21","slug":"certyfikat-pierszenstwa-z-wystawy-na-targach-w-polsce","status":"publish","type":"page","link":"https:\/\/polfair.pl\/new\/certyfikat-pierszenstwa-z-wystawy-na-targach-w-polsce\/","title":{"rendered":"Certyfikat piersze\u0144stwa z wystawy na targach w Polsce"},"content":{"rendered":"\n<p><a href=\"https:\/\/polfair.pl\/nowelizacja-ustawy-o-zmianie-ustawy-prawo-wlasnosci-przemyslowej\/\" target=\"_blank\" rel=\"noreferrer noopener\">Nowelizacja ustawy o zmianie ustawy Prawo w\u0142asno\u015bci przemys\u0142owej<\/a><\/p>\n\n\n\n<p><a href=\"https:\/\/polfair.pl\/dzialania-pipt-w-kwestii-przywrocenia-certyfikatu-pierwszenstwa\/\" target=\"_blank\" rel=\"noreferrer noopener\">Dzia\u0142ania PIPT w kwestii przywr\u00f3cenia certyfikatu pierwsze\u0144stwa<\/a><\/p>\n\n\n\n<p><a href=\"https:\/\/polfair.pl\/korzysci-z-certyfikatu-pierwszenstwa\/\" target=\"_blank\" rel=\"noreferrer noopener\">Korzy\u015bci z \u201cCertyfikatu pierwsze\u0144stwa\u201d<\/a><\/p>\n\n\n\n<p><a href=\"https:\/\/polfair.pl\/procedura\/\" target=\"_blank\" rel=\"noreferrer noopener\">Procedura<\/a><\/p>\n\n\n\n<p><a href=\"https:\/\/polfair.pl\/pierwszenstwo-z-wystawy\/\" target=\"_blank\" rel=\"noreferrer noopener\">Targi z \u201ccertyfikatami pierwsze\u0144stwa\u201d<\/a><\/p>\n","protected":false},"excerpt":{"rendered":"<p>Nowelizacja ustawy o zmianie ustawy Prawo w\u0142asno\u015bci przemys\u0142owej Dzia\u0142ania PIPT w kwestii przywr\u00f3cenia certyfikatu pierwsze\u0144stwa Korzy\u015bci z \u201cCertyfikatu pierwsze\u0144stwa\u201d Procedura &hellip; <span class=\"more-button\"><a href=\"https:\/\/polfair.pl\/new\/certyfikat-pierszenstwa-z-wystawy-na-targach-w-polsce\/\" class=\"more-link\">Czytaj wi\u0119cej<span class=\"screen-reader-text\">Certyfikat piersze\u0144stwa z wystawy na targach w Polsce<\/span><\/a><\/span><\/p>\n","protected":false},"author":3,"featured_media":0,"parent":0,"menu_order":0,"comment_status":"closed","ping_status":"closed","template":"","meta":{"inline_featured_image":false,"footnotes":""},"class_list":["post-2444","page","type-page","status-publish","hentry"],"_links":{"self":[{"href":"https:\/\/polfair.pl\/new\/wp-json\/wp\/v2\/pages\/2444","targetHints":{"allow":["GET"]}}],"collection":[{"href":"https:\/\/polfair.pl\/new\/wp-json\/wp\/v2\/pages"}],"about":[{"href":"https:\/\/polfair.pl\/new\/wp-json\/wp\/v2\/types\/page"}],"author":[{"embeddable":true,"href":"https:\/\/polfair.pl\/new\/wp-json\/wp\/v2\/users\/3"}],"replies":[{"embeddable":true,"href":"https:\/\/polfair.pl\/new\/wp-json\/wp\/v2\/comments?post=2444"}],"version-history":[{"count":1,"href":"https:\/\/polfair.pl\/new\/wp-json\/wp\/v2\/pages\/2444\/revisions"}],"predecessor-version":[{"id":2445,"href":"https:\/\/polfair.pl\/new\/wp-json\/wp\/v2\/pages\/2444\/revisions\/2445"}],"wp:attachment":[{"href":"https:\/\/polfair.pl\/new\/wp-json\/wp\/v2\/media?parent=2444"}],"curies":[{"name":"wp","href":"https:\/\/api.w.org\/{rel}","templated":true}]}}