{"id":2434,"date":"2023-10-21T18:06:58","date_gmt":"2023-10-21T16:06:58","guid":{"rendered":"https:\/\/polfair.pl\/new\/?page_id=2434"},"modified":"2023-10-21T18:06:59","modified_gmt":"2023-10-21T16:06:59","slug":"transport-i-spedycja-targowa","status":"publish","type":"page","link":"https:\/\/polfair.pl\/new\/transport-i-spedycja-targowa\/","title":{"rendered":"Transport i spedycja targowa"},"content":{"rendered":"\n<div class=\"wp-block-aab-group-accordion aagb_accordion_b00a7d81-d247-41f0-8240-8c4c7b6172dc\">\n<div class=\"wp-block-aab-accordion-item aagb__accordion_container\" style=\"border:1px solid #cccccc;margin-top:0px;margin-bottom:15px;border-radius:0px\"><div class=\"aagb__accordion_head aab_right_icon\" data-active=\"false\" style=\"color:#333333;background-color:transparent;padding:10px 15px 10px 15px\"><div class=\"aagb__accordion_heading aab_right_icon\"><h4 class=\"aagb__accordion_title\" style=\"margin:0;color:#333333\">EXPOSPED sp. z o.o. (Warszawa)<\/h4><\/div><div class=\"aagb__accordion_icon\" style=\"color:#333333;background-color:transparent\"><span class=\"aagb__icon dashicons dashicons-plus-alt2\"><\/span><\/div><\/div><div class=\"aagb__accordion_body \" role=\"region\" style=\"background-color:transparent;border-top:1px solid #cccccc;padding:10px 15px 10px 15px\">\n<div class=\"wp-block-columns is-layout-flex wp-container-core-columns-is-layout-9d6595d7 wp-block-columns-is-layout-flex\">\n<div class=\"wp-block-column is-layout-flow wp-block-column-is-layout-flow\" style=\"flex-basis:66.66%\">\n<p>Adres:\u00a0Pr\u0105dzy\u0144skiego 12\/14, 01-222\u00a0Warszawa<\/p>\n\n\n\n<p>Telefon:&nbsp;+48 22 256 7172, 256 7173<\/p>\n\n\n\n<p>FAX:&nbsp;+48 22 256 7171<\/p>\n\n\n\n<p>E-mail:&nbsp;exposped@exposped.com.pl<\/p>\n\n\n\n<p>Strona www: <a href=\"http:\/\/www.exposped.com.pl\/\" rel=\"nofollow noopener\" target=\"_blank\">http:\/\/www.exposped.com.pl<\/a><\/p>\n<\/div>\n\n\n\n<div class=\"wp-block-column is-layout-flow wp-block-column-is-layout-flow\" style=\"flex-basis:33.33%\"><div class=\"wp-block-image\">\n<figure class=\"aligncenter size-full\"><img loading=\"lazy\" decoding=\"async\" width=\"135\" height=\"124\" src=\"https:\/\/polfair.pl\/new\/wp-content\/uploads\/2023\/10\/expo-sped-logo.jpg\" alt=\"\" class=\"wp-image-2316\"\/><\/figure>\n<\/div><\/div>\n<\/div>\n\n\n\n<p>ExpoSped jest firm\u0105 spedycyjn\u0105, specjalist\u0105 w logistyce targowej i wy\u0142\u0105cznym spedytorem na terenie Warszawskiego Centrum EXPO XXI. Firma \u015bwiadczy us\u0142ugi na terenach targowych w Polsce i na ca\u0142ym \u015bwiecie. Do\u015bwiadczony personel (spedytorzy i agenci celni) zna doskonale specyfik\u0119 targ\u00f3w i wystaw, co gwarantuje wysok\u0105 jako\u015b\u0107 us\u0142ug. Wsp\u00f3\u0142praca poza granicami z sieci\u0105 renomowanych partner\u00f3w zagranicznych gwarantuje klientom sprawn\u0105 obs\u0142ug\u0119 przesy\u0142ek. Profesjonalny program logistyczny jest \u015bci\u015ble dostosowany do wymaga\u0144 wystawc\u00f3w oraz organizator\u00f3w targ\u00f3w. W ofercie firmy: organizacja transportu eksponat\u00f3w na teren targ\u00f3w, prace prze\u0142adunkowe towar\u00f3w targowych zgodnie z instrukcjami nadawcy, kompleksowa obs\u0142uga celna, obs\u0142uga magazynowa eksponat\u00f3w i opakowa\u0144, odbi\u00f3r ze stoisk i dostawa pustych opakowa\u0144 po zako\u0144czeniu imprezy, organizacja transportu powrotnego, formalno\u015bci zwi\u0105zane z wystawieniem karnetu ATA w imieniu zleceniodawcy. Dzia\u0142alno\u015b\u0107 firmy ExpoSped obejmuje r\u00f3wnie\u017c kompleksow\u0105 obs\u0142ug\u0119 spedycyjn\u0105 przy organizacji mi\u0119dzynarodowych kongres\u00f3w i sympozj\u00f3w w kraju i za granic\u0105.<\/p>\n<\/div><\/div>\n\n\n\n<div class=\"wp-block-aab-accordion-item aagb__accordion_container\" style=\"border:1px solid #cccccc;margin-top:0px;margin-bottom:15px;border-radius:0px\"><div class=\"aagb__accordion_head aab_right_icon\" data-active=\"false\" style=\"color:#333333;background-color:transparent;padding:10px 15px 10px 15px\"><div class=\"aagb__accordion_heading aab_right_icon\"><h4 class=\"aagb__accordion_title\" style=\"margin:0;color:#333333\">HANSA MESSE SPEED sp. z o.o. (Pozna\u0144)<\/h4><\/div><div class=\"aagb__accordion_icon\" style=\"color:#333333;background-color:transparent\"><span class=\"aagb__icon dashicons dashicons-plus-alt2\"><\/span><\/div><\/div><div class=\"aagb__accordion_body \" role=\"region\" style=\"background-color:transparent;border-top:1px solid #cccccc;padding:10px 15px 10px 15px\">\n<div class=\"wp-block-columns is-layout-flex wp-container-core-columns-is-layout-9d6595d7 wp-block-columns-is-layout-flex\">\n<div class=\"wp-block-column is-layout-flow wp-block-column-is-layout-flow\" style=\"flex-basis:66.66%\">\n<p>Adres:\u00a0Marceli\u0144ska 92\/94 lok.324, 60-324\u00a0Pozna\u0144<\/p>\n\n\n\n<p>Telefon:&nbsp;+48 61 662 4420, 662 4430<\/p>\n\n\n\n<p>FAX:&nbsp;+48 61 662 4456<\/p>\n\n\n\n<p>E-mail:&nbsp;info@h-m-s.pl<\/p>\n\n\n\n<p>Strona www: <a href=\"http:\/\/www.hansa-messe-speed.com.pl\/\" rel=\"nofollow noopener\" target=\"_blank\">http:\/\/www.hansa-messe-speed.com.pl\/<\/a><\/p>\n<\/div>\n\n\n\n<div class=\"wp-block-column is-layout-flow wp-block-column-is-layout-flow\" style=\"flex-basis:33.33%\"><div class=\"wp-block-image\">\n<figure class=\"aligncenter size-full is-resized\"><img loading=\"lazy\" decoding=\"async\" width=\"422\" height=\"259\" src=\"https:\/\/polfair.pl\/new\/wp-content\/uploads\/2023\/09\/HMS-Logo.jpg\" alt=\"\" class=\"wp-image-2007\" style=\"width:200px\"\/><\/figure>\n<\/div><\/div>\n<\/div>\n\n\n\n<p>Firma oferuje kompleksowe us\u0142ugi logistyki targowej na ca\u0142ym \u015bwiecie. Dzia\u0142a od ponad 10 lat doradzaj\u0105c, planuj\u0105c i realizuj\u0105c projekty logistyki targ\u00f3w, wystaw i event\u2019\u00f3w. Wiedz\u0119 teoretyczn\u0105 uzupe\u0142nia do\u015bwiadczeniem praktycznym zdobytym podczas obs\u0142ugi imprez w najdalszych zak\u0105tkach \u015bwiata. Dorobek firmy obejmuje realizacje we wsp\u00f3\u0142pracy z renomowanymi partnerami m.in. w: Rosji, Kazachstanie, Chinach, USA, Brazylii, Zjednoczonych Emiratach Arabskich, RPA. Przy organizacji \u0142a\u0144cucha dostaw do wskazanych teren\u00f3w targ\u00f3w firma \u0142\u0105czy transport: l\u0105dowy, morski i powietrzny. Gwarantuje klientom serwis najwy\u017cszej jako\u015bci.<\/p>\n<\/div><\/div>\n\n\n\n<div class=\"wp-block-aab-accordion-item aagb__accordion_container\" style=\"border:1px solid #cccccc;margin-top:0px;margin-bottom:15px;border-radius:0px\"><div class=\"aagb__accordion_head aab_right_icon\" data-active=\"false\" style=\"color:#333333;background-color:transparent;padding:10px 15px 10px 15px\"><div class=\"aagb__accordion_heading aab_right_icon\"><h4 class=\"aagb__accordion_title\" style=\"margin:0;color:#333333\">netlog Polska sp. z o.o. (Warszawa)<\/h4><\/div><div class=\"aagb__accordion_icon\" style=\"color:#333333;background-color:transparent\"><span class=\"aagb__icon dashicons dashicons-plus-alt2\"><\/span><\/div><\/div><div class=\"aagb__accordion_body \" role=\"region\" style=\"background-color:transparent;border-top:1px solid #cccccc;padding:10px 15px 10px 15px\">\n<div class=\"wp-block-columns is-layout-flex wp-container-core-columns-is-layout-9d6595d7 wp-block-columns-is-layout-flex\">\n<div class=\"wp-block-column is-layout-flow wp-block-column-is-layout-flow\" style=\"flex-basis:66.66%\">\n<p>Adres:\u00a0ul. Pr\u0105dzy\u0144skiego 12\/14, 01-222\u00a0Warszawa<\/p>\n\n\n\n<p>Telefon:&nbsp;+48 22 256 70 52<\/p>\n\n\n\n<p>FAX:&nbsp;+48 22 256 70 88<\/p>\n\n\n\n<p>E-mail:&nbsp;netlog@netlog.org.pl<\/p>\n\n\n\n<p>Strona www: <a href=\"http:\/\/www.netlog.de\/pl\" rel=\"nofollow noopener\" target=\"_blank\">http:\/\/www.netlog.de\/pl<\/a>\/<\/p>\n<\/div>\n\n\n\n<div class=\"wp-block-column is-layout-flow wp-block-column-is-layout-flow\" style=\"flex-basis:33.33%\"><div class=\"wp-block-image\">\n<figure class=\"aligncenter size-full\"><img loading=\"lazy\" decoding=\"async\" width=\"316\" height=\"99\" src=\"https:\/\/polfair.pl\/new\/wp-content\/uploads\/2023\/09\/logo-netlog.png\" alt=\"\" class=\"wp-image-2012\"\/><\/figure>\n<\/div><\/div>\n<\/div>\n\n\n\n<h4 class=\"wp-block-heading\">Partner w logistyce i us\u0142ugach targowych.<\/h4>\n\n\n\n<p>Targi na ca\u0142ym \u015bwiecie oraz logistyka event\u03ccw.&nbsp;Oficjalny spedytor Amber Expo, Expo Silesia, Targ\u00f3w Kielce, Warszawskiego Centrum Expo XXI.<\/p>\n\n\n\n<p>U\u017cycie jakich s\u0142\u03ccw kluczowych doprowadzi\u0142o Pa\u0144stwa na nasz\u0105 stron\u0119 internetow\u0105?<\/p>\n\n\n\n<p>Czy by\u0142a to \u015bwiatowa logistyka targowa? Projektowanie i budowa stoisk targowych? Oficjalny spedytor targowy, a mo\u017ce odprawa celna? Mo\u017ce wpisali\u015bcie Pa\u0144stwo fraz\u0119 organizacja od magazynu do stoiska targowego? A mo\u017ce by\u0142y to puste opakowania, zapewnienie w\u03cczka wid\u0142owego, Targi Stuttgart, Targi Kolonia, Targi Monachium, targi i logistyka lub te\u017c jeszcze lepiej logistyka i targi?<\/p>\n\n\n\n<p>Mo\u017cliwe by\u0142oby r\u03ccwnie\u017c transport, spedycja, dostawca us\u0142ug logistycznych w Polsce, Warszawie, Kielcach. Baden W\u00fcrttemberg jako nasza lokalizacja w Sindelfingen lub netlog Berlin?<\/p>\n\n\n\n<p>W naszej bran\u017cy chcemy by\u0107 zawsze najlepsi \u2013 to mo\u017cemy Pa\u0144stwu obieca\u0107.<\/p>\n<\/div><\/div>\n\n\n\n<div class=\"wp-block-aab-accordion-item aagb__accordion_container\" style=\"border:1px solid #cccccc;margin-top:0px;margin-bottom:15px;border-radius:0px\"><div class=\"aagb__accordion_head aab_right_icon\" data-active=\"false\" style=\"color:#333333;background-color:transparent;padding:10px 15px 10px 15px\"><div class=\"aagb__accordion_heading aab_right_icon\"><h4 class=\"aagb__accordion_title\" style=\"margin:0;color:#333333\">RUGER EXPO sp. z o.o. (Warszawa)<\/h4><\/div><div class=\"aagb__accordion_icon\" style=\"color:#333333;background-color:transparent\"><span class=\"aagb__icon dashicons dashicons-plus-alt2\"><\/span><\/div><\/div><div class=\"aagb__accordion_body \" role=\"region\" style=\"background-color:transparent;border-top:1px solid #cccccc;padding:10px 15px 10px 15px\">\n<div class=\"wp-block-columns is-layout-flex wp-container-core-columns-is-layout-9d6595d7 wp-block-columns-is-layout-flex\">\n<div class=\"wp-block-column is-layout-flow wp-block-column-is-layout-flow\" style=\"flex-basis:66.66%\">\n<p>Adres:\u00a0Woszczerowicza 25, 40-749\u00a0Katowice<\/p>\n\n\n\n<p>Telefon:&nbsp;+48 32 223 59 70<\/p>\n\n\n\n<p>FAX:&nbsp;+48 32 223 59 80<\/p>\n\n\n\n<p>E-mail:&nbsp;pl.info@rugerexpo.com<\/p>\n\n\n\n<p>Strona www: <a href=\"http:\/\/www.rugerexpo.com\/\" rel=\"nofollow noopener\" target=\"_blank\">http:\/\/www.rugerexpo.com\/<\/a><\/p>\n<\/div>\n\n\n\n<div class=\"wp-block-column is-layout-flow wp-block-column-is-layout-flow\" style=\"flex-basis:33.33%\"><div class=\"wp-block-image\">\n<figure class=\"aligncenter size-full\"><img loading=\"lazy\" decoding=\"async\" width=\"240\" height=\"43\" src=\"https:\/\/polfair.pl\/new\/wp-content\/uploads\/2023\/09\/ruger-expo-logo.png\" alt=\"\" class=\"wp-image-2015\"\/><\/figure>\n<\/div><\/div>\n<\/div>\n\n\n\n<p>Firma wykonuje pe\u0142n\u0105 obs\u0142ug\u0119 logistyczn\u0105 wystaw, targ\u00f3w oraz event\u00f3w. Jest rekomendowanym spedytorem na obiektach ExpoSilesia oraz na Mi\u0119dzynarodowych Targach Katowickich a dzi\u0119ki partnerom mo\u017cemy obs\u0142u\u017cy\u0107 logistycznie ka\u017cd\u0105 imprez\u0119 na terenie Polski, jak r\u00f3wnie\u017c w ca\u0142ej Europie.<\/p>\n\n\n\n<p>Kompleksowa obs\u0142uga przesy\u0142ek targowych pocz\u0105wszy od podj\u0119cia materia\u0142\u00f3w wystawowych u klienta, a sko\u0144czywszy na ich zwrocie po zako\u0144czonej imprezie targowej. Oferta obejmuje w szczeg\u00f3lno\u015bci organizacj\u0119 transportu, us\u0142ugi roz\u0142adunk\u00f3w i za\u0142adunk\u00f3w na obiekcie targowym, pomoc w organizacji stoiska sprz\u0119tem ci\u0119\u017ckim, us\u0142ugi agencji celnej, przeprowadzki przemys\u0142owe, roz\u0142adunki i za\u0142adunki sprz\u0119tem ci\u0119\u017ckim.<\/p>\n<\/div><\/div>\n\n\n\n<div class=\"wp-block-aab-accordion-item aagb__accordion_container\" style=\"border:1px solid #cccccc;margin-top:0px;margin-bottom:15px;border-radius:0px\"><div class=\"aagb__accordion_head aab_right_icon\" data-active=\"false\" style=\"color:#333333;background-color:transparent;padding:10px 15px 10px 15px\"><div class=\"aagb__accordion_heading aab_right_icon\"><h4 class=\"aagb__accordion_title\" style=\"margin:0;color:#333333\">TRANSMEBLE INTERNATIONAL sp. z o.o. Przedsi\u0119biorstwo Mi\u0119dzynarodowej Spedycji Targowej (Pozna\u0144)<\/h4><\/div><div class=\"aagb__accordion_icon\" style=\"color:#333333;background-color:transparent\"><span class=\"aagb__icon dashicons dashicons-plus-alt2\"><\/span><\/div><\/div><div class=\"aagb__accordion_body \" role=\"region\" style=\"background-color:transparent;border-top:1px solid #cccccc;padding:10px 15px 10px 15px\">\n<div class=\"wp-block-columns is-layout-flex wp-container-core-columns-is-layout-9d6595d7 wp-block-columns-is-layout-flex\">\n<div class=\"wp-block-column is-layout-flow wp-block-column-is-layout-flow\" style=\"flex-basis:66.66%\">\n<p>Adres:\u00a0M. Konopnickiej 19\/2, 60-777\u00a0Pozna\u0144<\/p>\n\n\n\n<p>Telefon:&nbsp;+48 61 865 6801, 865 6807, 0 506 049 010<\/p>\n\n\n\n<p>FAX:&nbsp;+48 61 865 6801<\/p>\n\n\n\n<p>E-mail:&nbsp;office@transmeble.com.pl<\/p>\n\n\n\n<p>Strona www: <a href=\"http:\/\/www.transmeble.com.pl\/\" rel=\"nofollow noopener\" target=\"_blank\">http:\/\/www.transmeble.com.pl\/<\/a><\/p>\n<\/div>\n\n\n\n<div class=\"wp-block-column is-layout-flow wp-block-column-is-layout-flow\" style=\"flex-basis:33.33%\"><div class=\"wp-block-image\">\n<figure class=\"aligncenter size-full\"><img loading=\"lazy\" decoding=\"async\" width=\"820\" height=\"312\" src=\"https:\/\/polfair.pl\/new\/wp-content\/uploads\/2023\/09\/transmeble-logo.jpg\" alt=\"\" class=\"wp-image-2018\" srcset=\"https:\/\/polfair.pl\/new\/wp-content\/uploads\/2023\/09\/transmeble-logo.jpg 820w, https:\/\/polfair.pl\/new\/wp-content\/uploads\/2023\/09\/transmeble-logo-600x228.jpg 600w, https:\/\/polfair.pl\/new\/wp-content\/uploads\/2023\/09\/transmeble-logo-768x292.jpg 768w\" sizes=\"auto, (max-width: 820px) 100vw, 820px\" \/><\/figure>\n<\/div><\/div>\n<\/div>\n\n\n\n<p>Kompleksowa obs\u0142uga spedycyjno-celna wystawc\u00f3w w Poznaniu, Bydgoszczy, Warszawie, Bielsku-Bia\u0142ej i innch miastach targowych, dostawy eksponat\u00f3w na stoiska, przewozy samochodowe krajowe i zagraniczne (drzwi-drzwi), us\u0142ugi Agencji Celnej, obs\u0142uga magazynowa, wynajem sprz\u0119tu prze\u0142adunkowego, us\u0142ugi na terenie ca\u0142ego kraju i za granic\u0105, przeprowadzki przemys\u0142owe, obs\u0142uga przesy\u0142ek lotniczych cargo w eksporcie i imporcie z odbiorem przesy\u0142ki i dostaw\u0105 do odbiorcy w skali ca\u0142ego \u015bwiata oraz przesy\u0142ek morskich. Doradztwo logistyczne. Firma posiada Certyfikat Jako\u015bci ISO 9001:2000.<\/p>\n<\/div><\/div>\n\n\n\n<div class=\"wp-block-aab-accordion-item aagb__accordion_container\" style=\"border:1px solid #cccccc;margin-top:0px;margin-bottom:15px;border-radius:0px\"><div class=\"aagb__accordion_head aab_right_icon\" data-active=\"false\" style=\"color:#333333;background-color:transparent;padding:10px 15px 10px 15px\"><div class=\"aagb__accordion_heading aab_right_icon\"><h4 class=\"aagb__accordion_title\" style=\"margin:0;color:#333333\">Universal Express sp. z o.o. (Warszawa)<\/h4><\/div><div class=\"aagb__accordion_icon\" style=\"color:#333333;background-color:transparent\"><span class=\"aagb__icon dashicons dashicons-plus-alt2\"><\/span><\/div><\/div><div class=\"aagb__accordion_body \" role=\"region\" style=\"background-color:transparent;border-top:1px solid #cccccc;padding:10px 15px 10px 15px\">\n<div class=\"wp-block-columns is-layout-flex wp-container-core-columns-is-layout-9d6595d7 wp-block-columns-is-layout-flex\">\n<div class=\"wp-block-column is-layout-flow wp-block-column-is-layout-flow\" style=\"flex-basis:66.66%\">\n<p>Adres:\u00a0Komitetu Obrony Robotnik\u00f3w 45 B (dawna ul. 17 Stycznia, budynek Zephirus), 02 -146\u00a0Warszawa<\/p>\n\n\n\n<p>Telefon:&nbsp;+ 48 22 100 28 90<\/p>\n\n\n\n<p>FAX:&nbsp;+ 48 22 100 28 99<\/p>\n\n\n\n<p>E-mail: fairs@uex.pl<\/p>\n\n\n\n<p>Strona www:&nbsp;<a href=\"http:\/\/uex.pl\/targi.html\" target=\"_blank\" rel=\"noreferrer noopener nofollow\">uex.pl\/targi<\/a><\/p>\n<\/div>\n\n\n\n<div class=\"wp-block-column is-layout-flow wp-block-column-is-layout-flow\" style=\"flex-basis:33.33%\"><div class=\"wp-block-image\">\n<figure class=\"aligncenter size-full\"><img loading=\"lazy\" decoding=\"async\" width=\"150\" height=\"93\" src=\"https:\/\/polfair.pl\/new\/wp-content\/uploads\/2023\/10\/universal-express-logo.jpg\" alt=\"\" class=\"wp-image-2285\"\/><\/figure>\n<\/div><\/div>\n<\/div>\n\n\n\n<p>Universal Express Sp. z o.o. od 1 wrze\u015bnia 1998 r. jako pierwsza w Polsce zosta\u0142a przyj\u0119ta do presti\u017cowego grona cz\u0142onk\u00f3w mi\u0119dzynarodowej organizacji zrzeszaj\u0105cej spedytor\u00f3w targowych \u2013 International Exhibition Logistics Association (IELA). Jest tak\u017ce wieloletnim cz\u0142onkiem Polskiej Izby Spedycji i Logistyki, International Air Transport Association (IATA \u2013 mi\u0119dzynarodowa organizacja zrzeszaj\u0105ca przewo\u017anik\u00f3w lotniczych) oraz International Federation of Freight Forwarders Associations (FIATA \u2013 mi\u0119dzynarodowa organizacja zrzeszaj\u0105c\u0105 spedytor\u00f3w).<\/p>\n\n\n\n<p>Kompleksowo obs\u0142ugujemy przesy\u0142ki przeznaczone na targi, kongresy, wydarzenia sportowe i kulturalne, od dostarczenia materia\u0142\u00f3w pakowych, odbioru z dowolnego miejsca na \u015bwiecie, aran\u017cacji odpraw celnych w imporcie i eksporcie oraz &nbsp;transportu (drogowego, lotniczego, morskiego, kolejowego) poprzez dostarczenie do wyznaczonego miejsca dostawy, magazynowanie pustych opakowa\u0144 i organizacj\u0119 wysy\u0142ki powrotnej.<\/p>\n\n\n\n<p>\u015awiadczymy us\u0142ugi dostaw i odbior\u00f3w przesy\u0142ek na terenie ca\u0142ej Polski, w tym w miejscach najbardziej znacz\u0105cych w bran\u017cy targowej: Pozna\u0144, Warszawa, Kielce i Gda\u0144sk.<\/p>\n<\/div><\/div>\n<\/div>\n","protected":false},"excerpt":{"rendered":"","protected":false},"author":3,"featured_media":0,"parent":0,"menu_order":0,"comment_status":"closed","ping_status":"closed","template":"","meta":{"inline_featured_image":false,"footnotes":""},"class_list":["post-2434","page","type-page","status-publish","hentry"],"_links":{"self":[{"href":"https:\/\/polfair.pl\/new\/wp-json\/wp\/v2\/pages\/2434","targetHints":{"allow":["GET"]}}],"collection":[{"href":"https:\/\/polfair.pl\/new\/wp-json\/wp\/v2\/pages"}],"about":[{"href":"https:\/\/polfair.pl\/new\/wp-json\/wp\/v2\/types\/page"}],"author":[{"embeddable":true,"href":"https:\/\/polfair.pl\/new\/wp-json\/wp\/v2\/users\/3"}],"replies":[{"embeddable":true,"href":"https:\/\/polfair.pl\/new\/wp-json\/wp\/v2\/comments?post=2434"}],"version-history":[{"count":1,"href":"https:\/\/polfair.pl\/new\/wp-json\/wp\/v2\/pages\/2434\/revisions"}],"predecessor-version":[{"id":2435,"href":"https:\/\/polfair.pl\/new\/wp-json\/wp\/v2\/pages\/2434\/revisions\/2435"}],"wp:attachment":[{"href":"https:\/\/polfair.pl\/new\/wp-json\/wp\/v2\/media?parent=2434"}],"curies":[{"name":"wp","href":"https:\/\/api.w.org\/{rel}","templated":true}]}}