{"id":2260,"date":"2023-10-04T20:35:49","date_gmt":"2023-10-04T18:35:49","guid":{"rendered":"https:\/\/polfair.pl\/new\/?page_id=2260"},"modified":"2024-01-25T13:40:05","modified_gmt":"2024-01-25T12:40:05","slug":"kontakt","status":"publish","type":"page","link":"https:\/\/polfair.pl\/new\/kontakt\/","title":{"rendered":"Kontakt"},"content":{"rendered":"\n<h6 class=\"wp-block-heading\"><strong>Polska Izba Przemys\u0142u Targowego<\/strong><\/h6>\n\n\n\n<p>ul. Bukowska 12 (budynek World Trade Center Pozna\u0144, pok. 122)<\/p>\n\n\n\n<p>60-810 Pozna\u0144<\/p>\n\n\n\n<h6 class=\"wp-block-heading\"><strong>Adres Biura \/ do korespondencji:<\/strong><\/h6>\n\n\n\n<p><strong>G\u0142ogowska 10 (budynek Centrum Targowego MTP, parter) 60-734 Pozna\u0144<\/strong><\/p>\n\n\n\n<p>tel.: (48) 61\/866 15 32, 869 22 45<\/p>\n\n\n\n<p>fax: (48) 61\/866 10 53<\/p>\n\n\n\n<p>e-mail:&nbsp;<a href=\"mailto:info@polfair.com.pl\">info@polfair.com.pl<\/a><\/p>\n\n\n\n<p><a href=\"\/new\/wp-content\/uploads\/2023\/10\/Informacja-w-sprawie-przetwarzania-danych.pdf\" target=\"_blank\" rel=\"noreferrer noopener\">RODO \u2013 Informacja w sprawie przetwarzania danych<\/a><\/p>\n\n\n\n<div class=\"wp-block-columns is-layout-flex wp-container-core-columns-is-layout-9d6595d7 wp-block-columns-is-layout-flex\">\n<div class=\"wp-block-column is-vertically-aligned-top is-layout-flow wp-block-column-is-layout-flow\"><div class=\"wp-block-image is-style-default\">\n<figure class=\"aligncenter size-full is-resized\"><img loading=\"lazy\" decoding=\"async\" width=\"2000\" height=\"2000\" src=\"https:\/\/polfair.pl\/new\/wp-content\/uploads\/2024\/01\/Beata.jpg\" alt=\"Beata Kozyra\" class=\"wp-image-4211\" style=\"object-fit:cover;width:300px;height:300px\" srcset=\"https:\/\/polfair.pl\/new\/wp-content\/uploads\/2024\/01\/Beata.jpg 2000w, https:\/\/polfair.pl\/new\/wp-content\/uploads\/2024\/01\/Beata-600x600.jpg 600w, https:\/\/polfair.pl\/new\/wp-content\/uploads\/2024\/01\/Beata-1280x1280.jpg 1280w, https:\/\/polfair.pl\/new\/wp-content\/uploads\/2024\/01\/Beata-300x300.jpg 300w, https:\/\/polfair.pl\/new\/wp-content\/uploads\/2024\/01\/Beata-768x768.jpg 768w, https:\/\/polfair.pl\/new\/wp-content\/uploads\/2024\/01\/Beata-1536x1536.jpg 1536w, https:\/\/polfair.pl\/new\/wp-content\/uploads\/2024\/01\/Beata-640x640.jpg 640w, https:\/\/polfair.pl\/new\/wp-content\/uploads\/2024\/01\/Beata-270x270.jpg 270w, https:\/\/polfair.pl\/new\/wp-content\/uploads\/2024\/01\/Beata-480x480.jpg 480w, https:\/\/polfair.pl\/new\/wp-content\/uploads\/2024\/01\/Beata-100x100.jpg 100w, https:\/\/polfair.pl\/new\/wp-content\/uploads\/2024\/01\/Beata-50x50.jpg 50w\" sizes=\"auto, (max-width: 2000px) 100vw, 2000px\" \/><\/figure>\n<\/div>\n\n\n<div class=\"text-center\">\n<strong>dr Beata Kozyra<\/strong><br>\n<span class=\"small-text\">Dyrektor Generalny, Cz\u0142onek Zarz\u0105du<br>\n<a href=\"mailto:b.kozyra@polfair.com.pl\">b.kozyra@polfair.com.pl<\/a><\/span>\n<\/div>\n<\/div>\n\n\n\n<div class=\"wp-block-column is-vertically-aligned-top is-layout-flow wp-block-column-is-layout-flow\"><div class=\"wp-block-image\">\n<figure class=\"aligncenter size-full is-resized\"><img loading=\"lazy\" decoding=\"async\" width=\"2000\" height=\"2000\" src=\"https:\/\/polfair.pl\/new\/wp-content\/uploads\/2024\/01\/Janek.jpg\" alt=\"Jan Studencki\" class=\"wp-image-4213\" style=\"object-fit:cover;width:300px;height:300px\" srcset=\"https:\/\/polfair.pl\/new\/wp-content\/uploads\/2024\/01\/Janek.jpg 2000w, https:\/\/polfair.pl\/new\/wp-content\/uploads\/2024\/01\/Janek-600x600.jpg 600w, https:\/\/polfair.pl\/new\/wp-content\/uploads\/2024\/01\/Janek-1280x1280.jpg 1280w, https:\/\/polfair.pl\/new\/wp-content\/uploads\/2024\/01\/Janek-300x300.jpg 300w, https:\/\/polfair.pl\/new\/wp-content\/uploads\/2024\/01\/Janek-768x768.jpg 768w, https:\/\/polfair.pl\/new\/wp-content\/uploads\/2024\/01\/Janek-1536x1536.jpg 1536w, https:\/\/polfair.pl\/new\/wp-content\/uploads\/2024\/01\/Janek-640x640.jpg 640w, https:\/\/polfair.pl\/new\/wp-content\/uploads\/2024\/01\/Janek-270x270.jpg 270w, https:\/\/polfair.pl\/new\/wp-content\/uploads\/2024\/01\/Janek-480x480.jpg 480w, https:\/\/polfair.pl\/new\/wp-content\/uploads\/2024\/01\/Janek-100x100.jpg 100w, https:\/\/polfair.pl\/new\/wp-content\/uploads\/2024\/01\/Janek-50x50.jpg 50w\" sizes=\"auto, (max-width: 2000px) 100vw, 2000px\" \/><\/figure>\n<\/div>\n\n\n<div class=\"text-center\">\n<strong>Jan Studencki<\/strong><br>\n<span class=\"small-text\">Menad\u017cer ds. Projekt\u00f3w<br>\n<a href=\"mailto:j.studencki@polfair.com.pl\">j.studencki@polfair.com.pl<\/a><\/span>\n<\/div>\n<\/div>\n\n\n\n<div class=\"wp-block-column is-vertically-aligned-top is-layout-flow wp-block-column-is-layout-flow\"><div class=\"wp-block-image\">\n<figure class=\"aligncenter size-full is-resized\"><img loading=\"lazy\" decoding=\"async\" width=\"505\" height=\"460\" src=\"https:\/\/polfair.pl\/new\/wp-content\/uploads\/2024\/01\/Aleksandra.jpg\" alt=\"Aleksandra Wardach\" class=\"wp-image-4214\" style=\"object-fit:cover;width:300px;height:300px\"\/><\/figure>\n<\/div>\n\n\n<div class=\"text-center\">\n<strong>Aleksandra Wardach<\/strong><br>\n<span class=\"small-text\">Mened\u017cer ds. Komunikacji Zewn\u0119trznej<br>\n<a href=\"mailto:a.wardach@polfair.com.pl\">a.wardach@polfair.com.pl<\/a><\/span>\n<\/div>\n<\/div>\n<\/div>\n\n\n\n<iframe loading=\"lazy\" style=\"border: 0;\" src=\"https:\/\/www.google.com\/maps\/embed?pb=!1m18!1m12!1m3!1d2434.017825352088!2d16.905760715720266!3d52.40635315239778!2m3!1f0!2f0!3f0!3m2!1i1024!2i768!4f13.1!3m3!1m2!1s0x47045b2d388eafbf%3A0xbfa96b8f0b6abef3!2sPolska+Izba+Przemys%C5%82u+Targowego!5e0!3m2!1spl!2spl!4v1526587092971\" width=\"100%\" height=\"450\" frameborder=\"0\" allowfullscreen=\"allowfullscreen\"><\/iframe>\n","protected":false},"excerpt":{"rendered":"<p>Polska Izba Przemys\u0142u Targowego ul. Bukowska 12 (budynek World Trade Center Pozna\u0144, pok. 122) 60-810 Pozna\u0144 Adres Biura \/ do &hellip; <span class=\"more-button\"><a href=\"https:\/\/polfair.pl\/new\/kontakt\/\" class=\"more-link\">Czytaj wi\u0119cej<span class=\"screen-reader-text\">Kontakt<\/span><\/a><\/span><\/p>\n","protected":false},"author":3,"featured_media":0,"parent":0,"menu_order":0,"comment_status":"closed","ping_status":"closed","template":"","meta":{"inline_featured_image":false,"footnotes":""},"class_list":["post-2260","page","type-page","status-publish","hentry"],"_links":{"self":[{"href":"https:\/\/polfair.pl\/new\/wp-json\/wp\/v2\/pages\/2260","targetHints":{"allow":["GET"]}}],"collection":[{"href":"https:\/\/polfair.pl\/new\/wp-json\/wp\/v2\/pages"}],"about":[{"href":"https:\/\/polfair.pl\/new\/wp-json\/wp\/v2\/types\/page"}],"author":[{"embeddable":true,"href":"https:\/\/polfair.pl\/new\/wp-json\/wp\/v2\/users\/3"}],"replies":[{"embeddable":true,"href":"https:\/\/polfair.pl\/new\/wp-json\/wp\/v2\/comments?post=2260"}],"version-history":[{"count":10,"href":"https:\/\/polfair.pl\/new\/wp-json\/wp\/v2\/pages\/2260\/revisions"}],"predecessor-version":[{"id":4216,"href":"https:\/\/polfair.pl\/new\/wp-json\/wp\/v2\/pages\/2260\/revisions\/4216"}],"wp:attachment":[{"href":"https:\/\/polfair.pl\/new\/wp-json\/wp\/v2\/media?parent=2260"}],"curies":[{"name":"wp","href":"https:\/\/api.w.org\/{rel}","templated":true}]}}