{"id":2226,"date":"2023-10-01T21:17:24","date_gmt":"2023-10-01T19:17:24","guid":{"rendered":"https:\/\/polfair.pl\/new\/?page_id=2226"},"modified":"2023-10-01T21:17:25","modified_gmt":"2023-10-01T19:17:25","slug":"inne-publikacje","status":"publish","type":"page","link":"https:\/\/polfair.pl\/new\/inne-publikacje\/","title":{"rendered":"Inne publikacje"},"content":{"rendered":"\n<p><a href=\"\/new\/wp-content\/uploads\/2023\/10\/Przyszlosc-branzy-targowej.pdf\" target=\"_blank\" rel=\"noreferrer noopener\">W kierunku rezyliencji. Przysz\u0142o\u015b\u0107 bran\u017cy targowej. Raport Grupy MTP i infuture.institute<\/a><\/p>\n\n\n\n<p><a href=\"\/new\/wp-content\/uploads\/2023\/10\/Raport_Badanie-rynku-targowego_2020_PIPT_GUS_Poznan_aktualny.pdf\" target=\"_blank\" rel=\"noreferrer noopener\">Polski rynek targowy 2020 i konsekwencje koronawirusa \u2013 Raport Urz\u0119du Statystycznego w Poznaniu<\/a><\/p>\n\n\n\n<p><a href=\"https:\/\/polfair.pl\/rynek-targowy-w-pigulce\/\">Polski rynek targowy w pigu\u0142ce<\/a><\/p>\n\n\n\n<p><a href=\"\/new\/wp-content\/uploads\/2023\/10\/Raport_Badanie-rynku-targowego_2020_PIPT_GUS_Poznan_aktualny.pdf\" target=\"_blank\" rel=\"noreferrer noopener\">Raport \u2013 rynek targowy 2020r i skutki pandemii COVID -19<\/a><\/p>\n\n\n\n<p><a href=\"\/new\/wp-content\/uploads\/2023\/10\/Polski-rynek-targowy-2018-1.pdf\" target=\"_blank\" rel=\"noreferrer noopener\">Polski Rynek Targowy 2018 r.<\/a><\/p>\n\n\n\n<p><a href=\"\/new\/wp-content\/uploads\/2023\/10\/2018_Raport_EMECA_Wplyw_obiektow_targowych_na-gospodarke_PL.pdf\" target=\"_blank\" rel=\"noreferrer noopener\">Raport EMECA \u2013 Stowarzyszenia G\u0142\u00f3wnych Centr\u00f3w Targowych, 25 czerwca 2018 r.<\/a><\/p>\n\n\n\n<p><a href=\"\/new\/wp-content\/uploads\/2023\/10\/20130310022633Znaczenie_targow_dla_rozwoju_gospodarczego_kraju.pdf\" target=\"_blank\" rel=\"noreferrer noopener\">Znaczenie targ\u00f3w dla rozwoju gospodarczego kraju<\/a><\/p>\n\n\n\n<p><a href=\"\/new\/wp-content\/uploads\/2023\/10\/20172009115346Streszczenie_menedzerskie_Wplyw_kryzysu_gospodarczego._-CEG-PIPT.pdf\" target=\"_blank\" rel=\"noreferrer noopener\">2009 Streszczenie mened\u017cerskie Wp\u0142yw kryzysu gospodarczego<\/a><\/p>\n\n\n\n<p><a href=\"\/new\/wp-content\/uploads\/2023\/10\/201604021114052009_J.Kuczynski_B.Zalewski_-_Influence_of_the_exhibition_industry_in_Poland_on_the_economy.pdf\" target=\"_blank\" rel=\"noreferrer noopener\">2009 J.Kuczynski B.Zalewski \u2013 Influence of the exhibition industry in Poland on the economy<\/a><\/p>\n\n\n\n<p><a href=\"\/new\/wp-content\/uploads\/2023\/10\/20172009115308Wplyw_przemyslu_targowego_w_Polsce_na_gospodarke_CEG-PIPT.pdf\" target=\"_blank\" rel=\"noreferrer noopener\">2010 Wp\u0142yw przemys\u0142u targowego w Polsce na gospodark\u0119 CEG<\/a><\/p>\n\n\n\n<p><a href=\"\/new\/wp-content\/uploads\/2023\/10\/20172009115219Spoleczno-ekonomiczne_korzysci_wynikajace_z_budowy_i_utrzymania_obiektow_kongresowo-wystawienniczych_\u2013_dr_Robert_Beben_Uniwersytet_Gdanski.pdf\" target=\"_blank\" rel=\"noreferrer noopener\">Spo\u0142eczno-ekonomiczne korzy\u015bci wynikaj\u0105ce z budowy i utrzymania obiekt\u00f3w kongresowa wystawienniczych \u2013 dr Robert B\u0119ben, Uniwersytet Gda\u0144ski<\/a><\/p>\n\n\n\n<p><a href=\"\/new\/wp-content\/uploads\/2023\/10\/20172009115139Influence_of_the__Exhibition_Industry_In_Poland_on_the_Economy.pdf\" target=\"_blank\" rel=\"noreferrer noopener\">2013 Influence of the Exhibition Industry in Poland on the Economy<\/a><\/p>\n\n\n\n<p><a href=\"\/new\/wp-content\/uploads\/2023\/10\/201604021122372013_Influence_of_The__Exhibition_Industry._CEG_-_translated_by_Marcin_Domiter.pdf\" target=\"_blank\" rel=\"noreferrer noopener\">2013 Influence of the Exhibition Industry in Poland on the Economy \u2013 translated by Marcin Domiter<\/a><\/p>\n\n\n\n<p><a href=\"\/new\/wp-content\/uploads\/2023\/10\/20172009115051Wplyw_przemyslu_targowego_w_Polsce_na_gospodarke-_synteza.pdf\" target=\"_blank\" rel=\"noreferrer noopener\">2013 Wp\u0142yw przemys\u0142u targowego w Polsce na gospodark\u0119 \u2013 synteza<\/a><\/p>\n","protected":false},"excerpt":{"rendered":"<p>W kierunku rezyliencji. Przysz\u0142o\u015b\u0107 bran\u017cy targowej. Raport Grupy MTP i infuture.institute Polski rynek targowy 2020 i konsekwencje koronawirusa \u2013 Raport &hellip; <span class=\"more-button\"><a href=\"https:\/\/polfair.pl\/new\/inne-publikacje\/\" class=\"more-link\">Czytaj wi\u0119cej<span class=\"screen-reader-text\">Inne publikacje<\/span><\/a><\/span><\/p>\n","protected":false},"author":3,"featured_media":0,"parent":0,"menu_order":0,"comment_status":"closed","ping_status":"closed","template":"","meta":{"inline_featured_image":false,"footnotes":""},"class_list":["post-2226","page","type-page","status-publish","hentry"],"_links":{"self":[{"href":"https:\/\/polfair.pl\/new\/wp-json\/wp\/v2\/pages\/2226","targetHints":{"allow":["GET"]}}],"collection":[{"href":"https:\/\/polfair.pl\/new\/wp-json\/wp\/v2\/pages"}],"about":[{"href":"https:\/\/polfair.pl\/new\/wp-json\/wp\/v2\/types\/page"}],"author":[{"embeddable":true,"href":"https:\/\/polfair.pl\/new\/wp-json\/wp\/v2\/users\/3"}],"replies":[{"embeddable":true,"href":"https:\/\/polfair.pl\/new\/wp-json\/wp\/v2\/comments?post=2226"}],"version-history":[{"count":1,"href":"https:\/\/polfair.pl\/new\/wp-json\/wp\/v2\/pages\/2226\/revisions"}],"predecessor-version":[{"id":2240,"href":"https:\/\/polfair.pl\/new\/wp-json\/wp\/v2\/pages\/2226\/revisions\/2240"}],"wp:attachment":[{"href":"https:\/\/polfair.pl\/new\/wp-json\/wp\/v2\/media?parent=2226"}],"curies":[{"name":"wp","href":"https:\/\/api.w.org\/{rel}","templated":true}]}}