{"id":2077,"date":"2023-09-30T23:32:27","date_gmt":"2023-09-30T21:32:27","guid":{"rendered":"https:\/\/polfair.pl\/new\/?page_id=2077"},"modified":"2023-09-30T23:33:39","modified_gmt":"2023-09-30T21:33:39","slug":"konkurs-pipt-ekspozycja-roku-2019","status":"publish","type":"page","link":"https:\/\/polfair.pl\/new\/konkurs-pipt-ekspozycja-roku-2019\/","title":{"rendered":"Konkurs PIPT &#8222;Ekspozycja roku 2019&#8221;"},"content":{"rendered":"\n<h4 class=\"wp-block-heading\"><strong><u>Kategoria: Ekspozycje targowe krajowe od&nbsp;25&nbsp;mkw. do&nbsp;50&nbsp;mkw.<\/u><\/strong><\/h4>\n\n\n\n<h5 class=\"wp-block-heading\"><strong><u>I miejsce<\/u><\/strong><\/h5>\n\n\n<div class=\"wp-block-image\">\n<figure class=\"aligncenter size-large\"><a href=\"https:\/\/polfair.pl\/new\/wp-content\/uploads\/2023\/09\/1-Amako-Atal-1320x880-1.jpg\"><img loading=\"lazy\" decoding=\"async\" width=\"1280\" height=\"853\" src=\"https:\/\/polfair.pl\/new\/wp-content\/uploads\/2023\/09\/1-Amako-Atal-1320x880-1-1280x853.jpg\" alt=\"\" class=\"wp-image-2079\" srcset=\"https:\/\/polfair.pl\/new\/wp-content\/uploads\/2023\/09\/1-Amako-Atal-1320x880-1-1280x853.jpg 1280w, https:\/\/polfair.pl\/new\/wp-content\/uploads\/2023\/09\/1-Amako-Atal-1320x880-1-600x400.jpg 600w, https:\/\/polfair.pl\/new\/wp-content\/uploads\/2023\/09\/1-Amako-Atal-1320x880-1-768x512.jpg 768w, https:\/\/polfair.pl\/new\/wp-content\/uploads\/2023\/09\/1-Amako-Atal-1320x880-1-666x444.jpg 666w, https:\/\/polfair.pl\/new\/wp-content\/uploads\/2023\/09\/1-Amako-Atal-1320x880-1.jpg 1320w\" sizes=\"auto, (max-width: 1280px) 100vw, 1280px\" \/><\/a><\/figure>\n<\/div>\n\n\n<p>wykonawca ekspozycj<strong>i: Amako Media s.c. \/ Amako Expo,<\/strong><\/p>\n\n\n\n<p>projektant:&nbsp;<strong>Aleksandra Wiecha<\/strong><\/p>\n\n\n\n<p>inwestor (wystawca):<strong>&nbsp;ATAL S.A., ul. Porcelanowa 10, 40-246 Katowice<\/strong><\/p>\n\n\n\n<p>miejsce: X&nbsp;Targi Mieszkaniowe NDNM, Wroc\u0142aw; 07-08.09.2019 r.<\/p>\n\n\n\n<h4 class=\"wp-block-heading\"><strong><u>Kategoria: Ekspozycje targowe krajowe powy\u017cej 50&nbsp;mkw.<\/u><\/strong><\/h4>\n\n\n\n<h5 class=\"wp-block-heading\"><strong><u>I miejsce<\/u><\/strong><\/h5>\n\n\n<div class=\"wp-block-image\">\n<figure class=\"aligncenter size-full\"><a href=\"https:\/\/polfair.pl\/new\/wp-content\/uploads\/2023\/09\/2-Melinski-BLUM.jpg\"><img loading=\"lazy\" decoding=\"async\" width=\"1024\" height=\"666\" src=\"https:\/\/polfair.pl\/new\/wp-content\/uploads\/2023\/09\/2-Melinski-BLUM.jpg\" alt=\"\" class=\"wp-image-2080\" srcset=\"https:\/\/polfair.pl\/new\/wp-content\/uploads\/2023\/09\/2-Melinski-BLUM.jpg 1024w, https:\/\/polfair.pl\/new\/wp-content\/uploads\/2023\/09\/2-Melinski-BLUM-600x390.jpg 600w, https:\/\/polfair.pl\/new\/wp-content\/uploads\/2023\/09\/2-Melinski-BLUM-768x500.jpg 768w\" sizes=\"auto, (max-width: 1024px) 100vw, 1024px\" \/><\/a><\/figure>\n<\/div>\n\n\n<p>wykonawca ekspozycji:&nbsp;<strong>Meli\u0144ski Minuth sp. z&nbsp;o.o., Pozna\u0144<\/strong><\/p>\n\n\n\n<p>projektant:&nbsp;<strong>Paulina Brodowska, Meli\u0144ski Minuth sp. z&nbsp;o.o.<\/strong><\/p>\n\n\n\n<p>inwestor (wystawca):&nbsp;<strong>BLUM Polska sp. z&nbsp;o.o., Jasin k. Swarz\u0119dza<\/strong><\/p>\n\n\n\n<p>miejsce: targi Warsaw Home, Nadarzyn; 03-06.10.2019 r.<\/p>\n\n\n\n<h5 class=\"wp-block-heading\"><strong><u>II miejsce<\/u><\/strong><\/h5>\n\n\n<div class=\"wp-block-image\">\n<figure class=\"aligncenter size-large\"><a href=\"https:\/\/polfair.pl\/new\/wp-content\/uploads\/2023\/09\/3-Expo-Linia-PGZ.jpg\"><img loading=\"lazy\" decoding=\"async\" width=\"1280\" height=\"961\" src=\"https:\/\/polfair.pl\/new\/wp-content\/uploads\/2023\/09\/3-Expo-Linia-PGZ-1280x961.jpg\" alt=\"\" class=\"wp-image-2081\" srcset=\"https:\/\/polfair.pl\/new\/wp-content\/uploads\/2023\/09\/3-Expo-Linia-PGZ-1280x961.jpg 1280w, https:\/\/polfair.pl\/new\/wp-content\/uploads\/2023\/09\/3-Expo-Linia-PGZ-600x450.jpg 600w, https:\/\/polfair.pl\/new\/wp-content\/uploads\/2023\/09\/3-Expo-Linia-PGZ-768x576.jpg 768w, https:\/\/polfair.pl\/new\/wp-content\/uploads\/2023\/09\/3-Expo-Linia-PGZ-755x566.jpg 755w, https:\/\/polfair.pl\/new\/wp-content\/uploads\/2023\/09\/3-Expo-Linia-PGZ.jpg 1307w\" sizes=\"auto, (max-width: 1280px) 100vw, 1280px\" \/><\/a><\/figure>\n<\/div>\n\n\n<p>wykonawca ekspozycji:<strong>&nbsp;EXPO LINIA sp. z&nbsp;o.o., Buk&nbsp;k\/Poznania<\/strong><\/p>\n\n\n\n<p>projektant:&nbsp;<strong>Gizela Rozwadowska \u2013 Mylka, Marta Krawczyk<\/strong><\/p>\n\n\n\n<p>inwestor (wystawca):<strong>&nbsp;Polska Grupa Zbrojeniowa, Warszawa<\/strong><\/p>\n\n\n\n<p>miejsce: targi MSPO Mi\u0119dzynarodowy Salon Przemys\u0142u Obronnego, Kielce; 03-06.09.2019 r.<\/p>\n\n\n\n<h5 class=\"wp-block-heading\"><strong><u>III miejsce<\/u><\/strong><\/h5>\n\n\n<div class=\"wp-block-image\">\n<figure class=\"aligncenter size-full\"><a href=\"https:\/\/polfair.pl\/new\/wp-content\/uploads\/2023\/09\/4-Idea-Expo-IOS.jpg\"><img loading=\"lazy\" decoding=\"async\" width=\"1139\" height=\"982\" src=\"https:\/\/polfair.pl\/new\/wp-content\/uploads\/2023\/09\/4-Idea-Expo-IOS.jpg\" alt=\"\" class=\"wp-image-2082\" srcset=\"https:\/\/polfair.pl\/new\/wp-content\/uploads\/2023\/09\/4-Idea-Expo-IOS.jpg 1139w, https:\/\/polfair.pl\/new\/wp-content\/uploads\/2023\/09\/4-Idea-Expo-IOS-600x517.jpg 600w, https:\/\/polfair.pl\/new\/wp-content\/uploads\/2023\/09\/4-Idea-Expo-IOS-768x662.jpg 768w\" sizes=\"auto, (max-width: 1139px) 100vw, 1139px\" \/><\/a><\/figure>\n<\/div>\n\n\n<p>wykonawca ekspozycji:&nbsp;<strong>IDEA EXPO \u2013 Grupa MTP&nbsp;(Mi\u0119dzynarodowe Targi Pozna\u0144skie sp. z&nbsp;o.o.), Pozna\u0144<\/strong><\/p>\n\n\n\n<p>projektant:&nbsp;<strong>Zuzanna Kr\u00f3likowska; koordynator: Andrzej Dulnik,<\/strong><\/p>\n\n\n\n<p>inwestor (wystawca):&nbsp;<strong>Instytut Ochrony \u015arodowiska wraz z&nbsp;instytucjami z&nbsp;sektora ochrony \u015brodowiska, Warszawa<\/strong><\/p>\n\n\n\n<p>miejsce: targi Pol-Eco System 2019, Pozna\u0144; 09-11.10.2019 r.<\/p>\n\n\n\n<h4 class=\"wp-block-heading\"><strong><u>Kategoria: Ekspozycje targowe zagraniczne do&nbsp;25&nbsp;mkw.<\/u><\/strong><\/h4>\n\n\n\n<h5 class=\"wp-block-heading\"><strong><u>I miejsce<\/u><\/strong><\/h5>\n\n\n<div class=\"wp-block-image\">\n<figure class=\"aligncenter size-full\"><a href=\"https:\/\/polfair.pl\/new\/wp-content\/uploads\/2023\/09\/5-Abyss-CCE.jpg\"><img loading=\"lazy\" decoding=\"async\" width=\"1259\" height=\"1259\" src=\"https:\/\/polfair.pl\/new\/wp-content\/uploads\/2023\/09\/5-Abyss-CCE.jpg\" alt=\"\" class=\"wp-image-2083\" srcset=\"https:\/\/polfair.pl\/new\/wp-content\/uploads\/2023\/09\/5-Abyss-CCE.jpg 1259w, https:\/\/polfair.pl\/new\/wp-content\/uploads\/2023\/09\/5-Abyss-CCE-600x600.jpg 600w, https:\/\/polfair.pl\/new\/wp-content\/uploads\/2023\/09\/5-Abyss-CCE-300x300.jpg 300w, https:\/\/polfair.pl\/new\/wp-content\/uploads\/2023\/09\/5-Abyss-CCE-768x768.jpg 768w, https:\/\/polfair.pl\/new\/wp-content\/uploads\/2023\/09\/5-Abyss-CCE-640x640.jpg 640w, https:\/\/polfair.pl\/new\/wp-content\/uploads\/2023\/09\/5-Abyss-CCE-270x270.jpg 270w, https:\/\/polfair.pl\/new\/wp-content\/uploads\/2023\/09\/5-Abyss-CCE-480x480.jpg 480w, https:\/\/polfair.pl\/new\/wp-content\/uploads\/2023\/09\/5-Abyss-CCE-100x100.jpg 100w, https:\/\/polfair.pl\/new\/wp-content\/uploads\/2023\/09\/5-Abyss-CCE-50x50.jpg 50w\" sizes=\"auto, (max-width: 1259px) 100vw, 1259px\" \/><\/a><\/figure>\n<\/div>\n\n\n<p>wykonawca ekspozycji:&nbsp;<strong>ABYSS s.c. Ma\u0142gorzata i&nbsp;Krzysztof Szofer, Pozna\u0144<\/strong><\/p>\n\n\n\n<p>projektant:&nbsp;<strong>CCE Organisation Agence Cr\u00e9ative en&nbsp;Communication \u011av\u00e9nementielle, Deauville \u2013 Le&nbsp;Havre, Pary\u017c, Francja<\/strong><\/p>\n\n\n\n<p>inwestor (wystawca):&nbsp;<strong>CCE Organisation Agence Cr\u00e9ative en&nbsp;Communication&nbsp;<em>\u00c9v\u00e9nementielle,&nbsp;<\/em>Deauville \u2013 Le&nbsp;Havre, Pary\u017c, Francja<\/strong><\/p>\n\n\n\n<p>miejsce: targi K&nbsp;2019, Duesseldorf, Niemcy; 16-23.10.2019 r.<\/p>\n\n\n\n<h4 class=\"wp-block-heading\"><strong><u>Kategoria: Ekspozycje targowe zagraniczne powy\u017cej 50&nbsp;mkw.<\/u><\/strong><\/h4>\n\n\n\n<p>Wobec r\u00f3wnej punktacji przyznano trzy r\u00f3wnorz\u0119dne I. miejsca:<\/p>\n\n\n\n<h5 class=\"wp-block-heading\"><strong><u>I miejsce<\/u><\/strong><\/h5>\n\n\n<div class=\"wp-block-image\">\n<figure class=\"aligncenter size-full\"><a href=\"https:\/\/polfair.pl\/new\/wp-content\/uploads\/2023\/09\/6-Melinski-Coway.jpg\"><img loading=\"lazy\" decoding=\"async\" width=\"1024\" height=\"678\" src=\"https:\/\/polfair.pl\/new\/wp-content\/uploads\/2023\/09\/6-Melinski-Coway.jpg\" alt=\"\" class=\"wp-image-2084\" srcset=\"https:\/\/polfair.pl\/new\/wp-content\/uploads\/2023\/09\/6-Melinski-Coway.jpg 1024w, https:\/\/polfair.pl\/new\/wp-content\/uploads\/2023\/09\/6-Melinski-Coway-600x397.jpg 600w, https:\/\/polfair.pl\/new\/wp-content\/uploads\/2023\/09\/6-Melinski-Coway-768x509.jpg 768w\" sizes=\"auto, (max-width: 1024px) 100vw, 1024px\" \/><\/a><\/figure>\n<\/div>\n\n\n<p>wykonawca ekspozycji:<strong>&nbsp;Meli\u0144ski Minuth sp. z&nbsp;o.o., Pozna\u0144<\/strong><\/p>\n\n\n\n<p>projektant:&nbsp;<strong>agencja SOLIDWORKS, Seul, Korea<\/strong><\/p>\n\n\n\n<p>inwestor (wystawca):<strong>&nbsp;COWAY, Korea<\/strong><\/p>\n\n\n\n<p>miejsce: targi IFA&nbsp;Berlin 2019, 06-11.09.2019 r.<\/p>\n\n\n\n<h5 class=\"wp-block-heading\"><strong><u>I miejsce<\/u><\/strong><\/h5>\n\n\n<div class=\"wp-block-image\">\n<figure class=\"aligncenter size-full\"><a href=\"https:\/\/polfair.pl\/new\/wp-content\/uploads\/2023\/09\/7-Partner-Segway.jpg\"><img loading=\"lazy\" decoding=\"async\" width=\"1020\" height=\"680\" src=\"https:\/\/polfair.pl\/new\/wp-content\/uploads\/2023\/09\/7-Partner-Segway.jpg\" alt=\"\" class=\"wp-image-2085\" srcset=\"https:\/\/polfair.pl\/new\/wp-content\/uploads\/2023\/09\/7-Partner-Segway.jpg 1020w, https:\/\/polfair.pl\/new\/wp-content\/uploads\/2023\/09\/7-Partner-Segway-600x400.jpg 600w, https:\/\/polfair.pl\/new\/wp-content\/uploads\/2023\/09\/7-Partner-Segway-768x512.jpg 768w, https:\/\/polfair.pl\/new\/wp-content\/uploads\/2023\/09\/7-Partner-Segway-666x444.jpg 666w\" sizes=\"auto, (max-width: 1020px) 100vw, 1020px\" \/><\/a><\/figure>\n<\/div>\n\n\n<p>wykonawca ekspozycji:&nbsp;<strong>PARTNER Zenon \u017burek, Pozna\u0144<\/strong><\/p>\n\n\n\n<p>projektant:&nbsp;<strong>JS Exhibition International Corporation Ltd., Shanghaj, Chiny; koordynator: Aleksandra \u017burek, Katarzyna Grzechowiak<\/strong><\/p>\n\n\n\n<p>inwestor (wystawca):&nbsp;<strong>SEGWAY NINEBOT, Chiny \u2013 USA<\/strong><\/p>\n\n\n\n<p>miejsce: targi IFA, Berlin, 06-11.09.2019 r.<\/p>\n\n\n\n<h5 class=\"wp-block-heading\"><strong><u>I miejsce<\/u><\/strong><\/h5>\n\n\n<div class=\"wp-block-image\">\n<figure class=\"aligncenter size-full\"><a href=\"https:\/\/polfair.pl\/new\/wp-content\/uploads\/2023\/09\/8-Expo-Linia-Click.jpg\"><img loading=\"lazy\" decoding=\"async\" width=\"561\" height=\"295\" src=\"https:\/\/polfair.pl\/new\/wp-content\/uploads\/2023\/09\/8-Expo-Linia-Click.jpg\" alt=\"\" class=\"wp-image-2086\"\/><\/a><\/figure>\n<\/div>\n\n\n<p>wykonawca ekspozycji:<strong>&nbsp;EXPO LINIA sp. z&nbsp;o.o., Buk&nbsp;k\/Poznania<\/strong><\/p>\n\n\n\n<p>projektant:&nbsp;<strong>Gizela Rozwadowska \u2013 Mylka, Marta Krawczyk<\/strong><\/p>\n\n\n\n<p>inwestor (wystawca):&nbsp;<strong>Click Aviation Network, Zjednoczone Emiraty Arabskie<\/strong><\/p>\n\n\n\n<p>miejsce: targi EBACE, Genewa, Szwajcaria; 21-23.05.2019 r.<\/p>\n\n\n\n<h4 class=\"wp-block-heading\"><strong><u>Kategoria: Pawilony zewn\u0119trzne<\/u><\/strong><\/h4>\n\n\n\n<h5 class=\"wp-block-heading\"><strong><u>I miejsce<\/u><\/strong><\/h5>\n\n\n<div class=\"wp-block-image\">\n<figure class=\"aligncenter size-large\"><a href=\"https:\/\/polfair.pl\/new\/wp-content\/uploads\/2023\/09\/9-Inexpo-Carboautomatyka-1320x737-1.jpg\"><img loading=\"lazy\" decoding=\"async\" width=\"1280\" height=\"715\" src=\"https:\/\/polfair.pl\/new\/wp-content\/uploads\/2023\/09\/9-Inexpo-Carboautomatyka-1320x737-1-1280x715.jpg\" alt=\"\" class=\"wp-image-2087\" srcset=\"https:\/\/polfair.pl\/new\/wp-content\/uploads\/2023\/09\/9-Inexpo-Carboautomatyka-1320x737-1-1280x715.jpg 1280w, https:\/\/polfair.pl\/new\/wp-content\/uploads\/2023\/09\/9-Inexpo-Carboautomatyka-1320x737-1-600x335.jpg 600w, https:\/\/polfair.pl\/new\/wp-content\/uploads\/2023\/09\/9-Inexpo-Carboautomatyka-1320x737-1-768x429.jpg 768w, https:\/\/polfair.pl\/new\/wp-content\/uploads\/2023\/09\/9-Inexpo-Carboautomatyka-1320x737-1.jpg 1320w\" sizes=\"auto, (max-width: 1280px) 100vw, 1280px\" \/><\/a><\/figure>\n<\/div>\n\n\n<p>wykonawca ekspozycji:<strong>&nbsp;INEXPO \u2013 Pozna\u0144ska Agencja Targowa Piotr Wojewodzic, Jan&nbsp;Lisiak sp. j.<\/strong><\/p>\n\n\n\n<p>projektant:&nbsp;<strong>Jan Lisiak<\/strong><\/p>\n\n\n\n<p>inwestor (wystawca):&nbsp;<strong>CARBOAUTOMATYKA S.A., Katowice<\/strong><\/p>\n\n\n\n<p>miejsce: targi KATOWICE 2019, 10-13.09.2019 r.<\/p>\n\n\n\n<h5 class=\"wp-block-heading\"><strong><u>II miejsce<\/u><\/strong><\/h5>\n\n\n<div class=\"wp-block-image\">\n<figure class=\"aligncenter size-large\"><a href=\"https:\/\/polfair.pl\/new\/wp-content\/uploads\/2023\/09\/10-Idea-Expo-Kuhn-1320x840-1.jpg\"><img loading=\"lazy\" decoding=\"async\" width=\"1280\" height=\"815\" src=\"https:\/\/polfair.pl\/new\/wp-content\/uploads\/2023\/09\/10-Idea-Expo-Kuhn-1320x840-1-1280x815.jpg\" alt=\"\" class=\"wp-image-2088\" srcset=\"https:\/\/polfair.pl\/new\/wp-content\/uploads\/2023\/09\/10-Idea-Expo-Kuhn-1320x840-1-1280x815.jpg 1280w, https:\/\/polfair.pl\/new\/wp-content\/uploads\/2023\/09\/10-Idea-Expo-Kuhn-1320x840-1-600x382.jpg 600w, https:\/\/polfair.pl\/new\/wp-content\/uploads\/2023\/09\/10-Idea-Expo-Kuhn-1320x840-1-768x489.jpg 768w, https:\/\/polfair.pl\/new\/wp-content\/uploads\/2023\/09\/10-Idea-Expo-Kuhn-1320x840-1.jpg 1320w\" sizes=\"auto, (max-width: 1280px) 100vw, 1280px\" \/><\/a><\/figure>\n<\/div>\n\n\n<p>wykonawca ekspozycji:&nbsp;<strong>IDEA EXPO \u2013 Grupa MTP&nbsp;(Mi\u0119dzynarodowe Targi Pozna\u0144skie sp. z&nbsp;o.o.), Pozna\u0144<\/strong><\/p>\n\n\n\n<p>projekt i&nbsp;koordynacja:&nbsp;<strong>Tomasz Kr\u00f3likowski<\/strong><\/p>\n\n\n\n<p>inwestor (wystawca):<strong>&nbsp;KUHN Maszyny Rolnicze sp. z&nbsp;o.o., Jelonek \/ Suchy Las<\/strong><\/p>\n\n\n\n<p>miejsce: targi AGRO-SHOW 2019, Bednary; 19-22.09.2019 r.<\/p>\n\n\n\n<h4 class=\"wp-block-heading\"><strong><u>Kategoria: Ekspozycje eventowe od&nbsp;25&nbsp;mkw. do&nbsp;50&nbsp;mkw.<\/u><\/strong><\/h4>\n\n\n\n<h5 class=\"wp-block-heading\"><strong><u>I miejsce<\/u><\/strong><\/h5>\n\n\n<div class=\"wp-block-image\">\n<figure class=\"aligncenter size-full\"><a href=\"https:\/\/polfair.pl\/new\/wp-content\/uploads\/2023\/09\/11-Extend-Vision-Berlin-Chemie.jpg\"><img loading=\"lazy\" decoding=\"async\" width=\"634\" height=\"475\" src=\"https:\/\/polfair.pl\/new\/wp-content\/uploads\/2023\/09\/11-Extend-Vision-Berlin-Chemie.jpg\" alt=\"\" class=\"wp-image-2089\" srcset=\"https:\/\/polfair.pl\/new\/wp-content\/uploads\/2023\/09\/11-Extend-Vision-Berlin-Chemie.jpg 634w, https:\/\/polfair.pl\/new\/wp-content\/uploads\/2023\/09\/11-Extend-Vision-Berlin-Chemie-600x450.jpg 600w\" sizes=\"auto, (max-width: 634px) 100vw, 634px\" \/><\/a><\/figure>\n<\/div>\n\n\n<p>wykonawca ekspozycji:<strong>&nbsp;Extend Vision sp. z&nbsp;o.o., Krak\u00f3w<\/strong><\/p>\n\n\n\n<p>projektant:&nbsp;<strong>Extend Vision sp. z&nbsp;o.o., Krak\u00f3w<\/strong><\/p>\n\n\n\n<p>inwestor:&nbsp;<strong>Berlin Chemie \/ Menarini Polska sp. z&nbsp;o.o.<\/strong><\/p>\n\n\n\n<p>miejsce: Top&nbsp;Medical Trends, Pozna\u0144; 22-24.03.2019 r.<\/p>\n\n\n\n<h4 class=\"wp-block-heading\"><strong><u>Kategoria: Ekspozycje eventowe powy\u017cej 50&nbsp;mkw.<\/u><\/strong><\/h4>\n\n\n\n<h5 class=\"wp-block-heading\"><strong><u>I miejsce<\/u><\/strong><\/h5>\n\n\n<div class=\"wp-block-image\">\n<figure class=\"aligncenter size-full\"><a href=\"https:\/\/polfair.pl\/new\/wp-content\/uploads\/2023\/09\/12-Extend-Vision-Astra-Zeneca.jpg\"><img loading=\"lazy\" decoding=\"async\" width=\"864\" height=\"432\" src=\"https:\/\/polfair.pl\/new\/wp-content\/uploads\/2023\/09\/12-Extend-Vision-Astra-Zeneca.jpg\" alt=\"\" class=\"wp-image-2090\" srcset=\"https:\/\/polfair.pl\/new\/wp-content\/uploads\/2023\/09\/12-Extend-Vision-Astra-Zeneca.jpg 864w, https:\/\/polfair.pl\/new\/wp-content\/uploads\/2023\/09\/12-Extend-Vision-Astra-Zeneca-600x300.jpg 600w, https:\/\/polfair.pl\/new\/wp-content\/uploads\/2023\/09\/12-Extend-Vision-Astra-Zeneca-768x384.jpg 768w\" sizes=\"auto, (max-width: 864px) 100vw, 864px\" \/><\/a><\/figure>\n<\/div>\n\n\n<p>wykonawca ekspozycji:<strong>&nbsp;Extend Vision sp. z&nbsp;o.o., Krak\u00f3w<\/strong><\/p>\n\n\n\n<p>projektant:&nbsp;<strong>Maciej Makles, Extend Vision sp. z&nbsp;o.o.<\/strong><\/p>\n\n\n\n<p>inwestor:&nbsp;<strong>AstraZeneca Pharma Poland, Warszawa<\/strong><\/p>\n\n\n\n<p>miejsce: XX&nbsp;Zjazd Naukowy Polskiego Towarzystwa Diabetologicznego, Lublin; 16-18.03.2019 r.<\/p>\n\n\n\n<h5 class=\"wp-block-heading\"><strong><u>II miejsce<\/u><\/strong><\/h5>\n\n\n<div class=\"wp-block-image\">\n<figure class=\"aligncenter size-large\"><a href=\"https:\/\/polfair.pl\/new\/wp-content\/uploads\/2023\/09\/13-Partner-Affilate-1320x690-1.jpg\"><img loading=\"lazy\" decoding=\"async\" width=\"1280\" height=\"669\" src=\"https:\/\/polfair.pl\/new\/wp-content\/uploads\/2023\/09\/13-Partner-Affilate-1320x690-1-1280x669.jpg\" alt=\"\" class=\"wp-image-2091\" srcset=\"https:\/\/polfair.pl\/new\/wp-content\/uploads\/2023\/09\/13-Partner-Affilate-1320x690-1-1280x669.jpg 1280w, https:\/\/polfair.pl\/new\/wp-content\/uploads\/2023\/09\/13-Partner-Affilate-1320x690-1-600x314.jpg 600w, https:\/\/polfair.pl\/new\/wp-content\/uploads\/2023\/09\/13-Partner-Affilate-1320x690-1-768x401.jpg 768w, https:\/\/polfair.pl\/new\/wp-content\/uploads\/2023\/09\/13-Partner-Affilate-1320x690-1.jpg 1320w\" sizes=\"auto, (max-width: 1280px) 100vw, 1280px\" \/><\/a><\/figure>\n<\/div>\n\n\n<p>wykonawca ekspozycji:<strong>&nbsp;PARTNER, Pozna\u0144<\/strong><\/p>\n\n\n\n<p>projektant:&nbsp;<strong>iStack Conferences ltd., Hong Kong; koordynator: Miko\u0142aj Jujeczka, Katarzyna Grzechowiak<\/strong><\/p>\n\n\n\n<p>inwestor:&nbsp;<strong>Affiliate World Europe, Barcelona, Hiszpania<\/strong><\/p>\n\n\n\n<p>miejsce: Affiliate World Europe, Barcelona, Hiszpania; 08-09.0.2019 r.<\/p>\n\n\n\n<div style=\"height:40px\" aria-hidden=\"true\" class=\"wp-block-spacer\"><\/div>\n\n\n\n<p><a href=\"\/new\/wp-content\/uploads\/2023\/09\/Informacja-prasowa-Laureci-konkursu-Ekspozycja-Roku-2019-16-04-2020.pdf\" target=\"_blank\" rel=\"noreferrer noopener\">INFORMACJA PRASOWA \u2013 POBIERZ<\/a><\/p>\n","protected":false},"excerpt":{"rendered":"<p>Kategoria: Ekspozycje targowe krajowe od&nbsp;25&nbsp;mkw. do&nbsp;50&nbsp;mkw. I miejsce wykonawca ekspozycji: Amako Media s.c. \/ Amako Expo, projektant:&nbsp;Aleksandra Wiecha inwestor (wystawca):&nbsp;ATAL &hellip; <span class=\"more-button\"><a href=\"https:\/\/polfair.pl\/new\/konkurs-pipt-ekspozycja-roku-2019\/\" class=\"more-link\">Czytaj wi\u0119cej<span class=\"screen-reader-text\">Konkurs PIPT &#8222;Ekspozycja roku 2019&#8221;<\/span><\/a><\/span><\/p>\n","protected":false},"author":3,"featured_media":0,"parent":0,"menu_order":0,"comment_status":"closed","ping_status":"closed","template":"","meta":{"inline_featured_image":false,"footnotes":""},"class_list":["post-2077","page","type-page","status-publish","hentry"],"_links":{"self":[{"href":"https:\/\/polfair.pl\/new\/wp-json\/wp\/v2\/pages\/2077","targetHints":{"allow":["GET"]}}],"collection":[{"href":"https:\/\/polfair.pl\/new\/wp-json\/wp\/v2\/pages"}],"about":[{"href":"https:\/\/polfair.pl\/new\/wp-json\/wp\/v2\/types\/page"}],"author":[{"embeddable":true,"href":"https:\/\/polfair.pl\/new\/wp-json\/wp\/v2\/users\/3"}],"replies":[{"embeddable":true,"href":"https:\/\/polfair.pl\/new\/wp-json\/wp\/v2\/comments?post=2077"}],"version-history":[{"count":3,"href":"https:\/\/polfair.pl\/new\/wp-json\/wp\/v2\/pages\/2077\/revisions"}],"predecessor-version":[{"id":2094,"href":"https:\/\/polfair.pl\/new\/wp-json\/wp\/v2\/pages\/2077\/revisions\/2094"}],"wp:attachment":[{"href":"https:\/\/polfair.pl\/new\/wp-json\/wp\/v2\/media?parent=2077"}],"curies":[{"name":"wp","href":"https:\/\/api.w.org\/{rel}","templated":true}]}}