{"id":2028,"date":"2023-09-30T23:00:08","date_gmt":"2023-09-30T21:00:08","guid":{"rendered":"https:\/\/polfair.pl\/new\/?page_id=2028"},"modified":"2023-09-30T23:00:08","modified_gmt":"2023-09-30T21:00:08","slug":"konkurs-pipt-ekspozycja-roku-2016","status":"publish","type":"page","link":"https:\/\/polfair.pl\/new\/konkurs-pipt-ekspozycja-roku-2016\/","title":{"rendered":"Konkurs PIPT &#8222;Ekspozycja roku 2016&#8221;"},"content":{"rendered":"\n<h4 class=\"wp-block-heading\"><strong><u>W kategorii ekspozycji targowych do&nbsp;<\/u><u>50 m\u00b2 , Jury przyzna\u0142o:<\/u><\/strong><\/h4>\n\n\n\n<h5 class=\"wp-block-heading\"><strong>I miejsce<\/strong><\/h5>\n\n\n\n<p>Ekspozycja wystawcy&nbsp;<strong>D+H Polska<\/strong>, wed\u0142ug projektu&nbsp;<strong>Marty Pietrucha i&nbsp;Przemys\u0142awa Furmana<\/strong>&nbsp;(Project Managera) z&nbsp;firmy&nbsp;<strong>Meli\u0144ski Minuth<\/strong>&nbsp;z&nbsp;Poznania, wykonanej przez&nbsp;<strong>Meli\u0144ski Minuth<\/strong>&nbsp;na&nbsp;targach Securex 2016 w&nbsp;Poznaniu.<\/p>\n\n\n<div class=\"wp-block-image\">\n<figure class=\"aligncenter size-large\"><a href=\"https:\/\/polfair.pl\/new\/wp-content\/uploads\/2023\/09\/mELINSKI2-1320x929-1.jpeg\"><img loading=\"lazy\" decoding=\"async\" width=\"1280\" height=\"901\" src=\"https:\/\/polfair.pl\/new\/wp-content\/uploads\/2023\/09\/mELINSKI2-1320x929-1-1280x901.jpeg\" alt=\"\" class=\"wp-image-2029\" srcset=\"https:\/\/polfair.pl\/new\/wp-content\/uploads\/2023\/09\/mELINSKI2-1320x929-1-1280x901.jpeg 1280w, https:\/\/polfair.pl\/new\/wp-content\/uploads\/2023\/09\/mELINSKI2-1320x929-1-600x422.jpeg 600w, https:\/\/polfair.pl\/new\/wp-content\/uploads\/2023\/09\/mELINSKI2-1320x929-1-768x541.jpeg 768w, https:\/\/polfair.pl\/new\/wp-content\/uploads\/2023\/09\/mELINSKI2-1320x929-1.jpeg 1320w\" sizes=\"auto, (max-width: 1280px) 100vw, 1280px\" \/><\/a><\/figure>\n<\/div>\n\n\n<h5 class=\"wp-block-heading\"><strong>II miejsce<\/strong><\/h5>\n\n\n\n<p>Ekspozycja wystawcy&nbsp;<strong>HUSH Creative Design Group<\/strong>, wed\u0142ug projektu&nbsp;<strong>Tomasza Kwieci\u0144skiego<\/strong>&nbsp;z&nbsp;firmy<strong>&nbsp;Meli\u0144ski Minuth<\/strong>&nbsp;z&nbsp;Poznania, wykonanej przez&nbsp;<strong>Meli\u0144ski Minuth&nbsp;<\/strong>na targach Orgatec 2016 w&nbsp;Kolonii.<\/p>\n\n\n<div class=\"wp-block-image\">\n<figure class=\"aligncenter size-large\"><a href=\"https:\/\/polfair.pl\/new\/wp-content\/uploads\/2023\/09\/mELINSKI3-1320x933-1.jpeg\"><img loading=\"lazy\" decoding=\"async\" width=\"1280\" height=\"905\" src=\"https:\/\/polfair.pl\/new\/wp-content\/uploads\/2023\/09\/mELINSKI3-1320x933-1-1280x905.jpeg\" alt=\"\" class=\"wp-image-2030\" srcset=\"https:\/\/polfair.pl\/new\/wp-content\/uploads\/2023\/09\/mELINSKI3-1320x933-1-1280x905.jpeg 1280w, https:\/\/polfair.pl\/new\/wp-content\/uploads\/2023\/09\/mELINSKI3-1320x933-1-600x424.jpeg 600w, https:\/\/polfair.pl\/new\/wp-content\/uploads\/2023\/09\/mELINSKI3-1320x933-1-768x543.jpeg 768w, https:\/\/polfair.pl\/new\/wp-content\/uploads\/2023\/09\/mELINSKI3-1320x933-1.jpeg 1320w\" sizes=\"auto, (max-width: 1280px) 100vw, 1280px\" \/><\/a><\/figure>\n<\/div>\n\n\n<h4 class=\"wp-block-heading\"><strong>W kategorii ekspozycji targowych powy\u017cej&nbsp;<\/strong><strong>50 m\u00b2, Jury przyzna\u0142o:<\/strong><\/h4>\n\n\n\n<h5 class=\"wp-block-heading\"><strong>I miejsce<\/strong><\/h5>\n\n\n\n<p>Ekspozycja wystawcy&nbsp;<strong>Asten Group (Plastigo)<\/strong>&nbsp;z&nbsp;Cz\u0119stochowy, wed\u0142ug projektu&nbsp;<strong>S\u0142awomira Kaczmarka, Zuzanny Weiss-Bartkowiak i&nbsp;Tomasza Kwieci\u0144skiego z&nbsp;firmy Meli\u0144ski Minuth&nbsp;<\/strong>z Poznania, wykonanej przez&nbsp;<strong>Meli\u0144ski Minuth&nbsp;<\/strong>na targach Plastpol 2016 w&nbsp;Kielcach.<\/p>\n\n\n<div class=\"wp-block-image\">\n<figure class=\"aligncenter size-large\"><a href=\"https:\/\/polfair.pl\/new\/wp-content\/uploads\/2023\/09\/mELINSKI4-1320x932-1.jpeg\"><img loading=\"lazy\" decoding=\"async\" width=\"1280\" height=\"904\" src=\"https:\/\/polfair.pl\/new\/wp-content\/uploads\/2023\/09\/mELINSKI4-1320x932-1-1280x904.jpeg\" alt=\"\" class=\"wp-image-2032\" srcset=\"https:\/\/polfair.pl\/new\/wp-content\/uploads\/2023\/09\/mELINSKI4-1320x932-1-1280x904.jpeg 1280w, https:\/\/polfair.pl\/new\/wp-content\/uploads\/2023\/09\/mELINSKI4-1320x932-1-600x424.jpeg 600w, https:\/\/polfair.pl\/new\/wp-content\/uploads\/2023\/09\/mELINSKI4-1320x932-1-768x542.jpeg 768w, https:\/\/polfair.pl\/new\/wp-content\/uploads\/2023\/09\/mELINSKI4-1320x932-1.jpeg 1320w\" sizes=\"auto, (max-width: 1280px) 100vw, 1280px\" \/><\/a><\/figure>\n<\/div>\n\n\n<h5 class=\"wp-block-heading\"><strong>II miejsce<\/strong><\/h5>\n\n\n\n<p>Ekspozycja wystawcy&nbsp;<strong>Somfy<\/strong>&nbsp;z&nbsp;Warszawy, wed\u0142ug projektu Magdaleny Gyurkovich z&nbsp;firmy WMG&nbsp;Studio z&nbsp;Poznania koordynowanego przez&nbsp;<strong>Kazimierza G\u0142uchowskiego<\/strong>, wykonanej przez&nbsp;<strong>IDEA EXPO.MTP<\/strong>&nbsp;na&nbsp;targach Budma 2016 w&nbsp;Poznaniu.<\/p>\n\n\n<div class=\"wp-block-image\">\n<figure class=\"aligncenter size-large\"><a href=\"https:\/\/polfair.pl\/new\/wp-content\/uploads\/2023\/09\/iDEAEXPO3-1320x880-1.jpeg\"><img loading=\"lazy\" decoding=\"async\" width=\"1280\" height=\"853\" src=\"https:\/\/polfair.pl\/new\/wp-content\/uploads\/2023\/09\/iDEAEXPO3-1320x880-1-1280x853.jpeg\" alt=\"\" class=\"wp-image-2033\" srcset=\"https:\/\/polfair.pl\/new\/wp-content\/uploads\/2023\/09\/iDEAEXPO3-1320x880-1-1280x853.jpeg 1280w, https:\/\/polfair.pl\/new\/wp-content\/uploads\/2023\/09\/iDEAEXPO3-1320x880-1-600x400.jpeg 600w, https:\/\/polfair.pl\/new\/wp-content\/uploads\/2023\/09\/iDEAEXPO3-1320x880-1-768x512.jpeg 768w, https:\/\/polfair.pl\/new\/wp-content\/uploads\/2023\/09\/iDEAEXPO3-1320x880-1-666x444.jpeg 666w, https:\/\/polfair.pl\/new\/wp-content\/uploads\/2023\/09\/iDEAEXPO3-1320x880-1.jpeg 1320w\" sizes=\"auto, (max-width: 1280px) 100vw, 1280px\" \/><\/a><\/figure>\n<\/div>\n\n\n<h5 class=\"wp-block-heading\"><strong>III miejsce<\/strong><\/h5>\n\n\n\n<p>Ekspozycja firmy&nbsp;<strong>Komplet Polska<\/strong>&nbsp;z&nbsp;Tarnowa Podg\u00f3rnego k\/Poznania, wed\u0142ug projektu&nbsp;<strong>Pauliny Brodowskiej z&nbsp;firmy Meli\u0144ski Minuth<\/strong>&nbsp;z&nbsp;Poznania, wykonanej przez&nbsp;<strong>Meli\u0144ski Minuth<\/strong>&nbsp;na&nbsp;targach Polagra Tech 2016 w&nbsp;Poznaniu.<\/p>\n\n\n<div class=\"wp-block-image\">\n<figure class=\"aligncenter size-large\"><a href=\"https:\/\/polfair.pl\/new\/wp-content\/uploads\/2023\/09\/mELINSKI6-1320x933-1.jpeg\"><img loading=\"lazy\" decoding=\"async\" width=\"1280\" height=\"905\" src=\"https:\/\/polfair.pl\/new\/wp-content\/uploads\/2023\/09\/mELINSKI6-1320x933-1-1280x905.jpeg\" alt=\"\" class=\"wp-image-2034\" srcset=\"https:\/\/polfair.pl\/new\/wp-content\/uploads\/2023\/09\/mELINSKI6-1320x933-1-1280x905.jpeg 1280w, https:\/\/polfair.pl\/new\/wp-content\/uploads\/2023\/09\/mELINSKI6-1320x933-1-600x424.jpeg 600w, https:\/\/polfair.pl\/new\/wp-content\/uploads\/2023\/09\/mELINSKI6-1320x933-1-768x543.jpeg 768w, https:\/\/polfair.pl\/new\/wp-content\/uploads\/2023\/09\/mELINSKI6-1320x933-1.jpeg 1320w\" sizes=\"auto, (max-width: 1280px) 100vw, 1280px\" \/><\/a><\/figure>\n<\/div>\n\n\n<h6 class=\"wp-block-heading\">Ze wzgl\u0119du na&nbsp;niezmiernie wysoki poziom nades\u0142anych realizacji Jury postanowi\u0142o przyzna\u0107 tak\u017ce wyr\u00f3\u017cnienia:<\/h6>\n\n\n\n<ul class=\"wp-block-list\">\n<li>ekspozycji firmy&nbsp;<strong>Mazaya,<\/strong>&nbsp;wed\u0142ug projektu&nbsp;<strong>Gizeli Rozwadowskiej-Mylki i&nbsp;Anastasii Ratsko z&nbsp;firmy Expo \u2013 Linia&nbsp;<\/strong>z Buku k\/Poznania, wykonanej przez&nbsp;<strong>Expo \u2013 Linia<\/strong>&nbsp;na&nbsp;targach Inter Tabac w&nbsp;Dortmundzie,<\/li>\n\n\n\n<li>ekspozycji firmy&nbsp;<strong>CASE IH<\/strong>&nbsp;z&nbsp;P\u0142ocka, wed\u0142ug projektu&nbsp;<strong>Marcina Gradkowskiego<\/strong>&nbsp;z&nbsp;firmy&nbsp;<strong>Fairtex Design&nbsp;<\/strong>z Poznania, wykonanej przez&nbsp;<strong>Fairtex Design<\/strong>&nbsp;na&nbsp;targach Agro Show 2016 w&nbsp;Bednarach,<\/li>\n\n\n\n<li>ekspozycji firmy<strong>&nbsp;R2&nbsp;Trade AG&nbsp;(ELIXA)<\/strong>, wed\u0142ug projektu&nbsp;<strong>Marty Pietrucha<\/strong>&nbsp;z&nbsp;firmy&nbsp;<strong>Meli\u0144ski Minuth<\/strong>&nbsp;z&nbsp;Poznania, wykonanej przez&nbsp;<strong>Meli\u0144ski Minuth&nbsp;<\/strong>na targach Inhorgenta w&nbsp;Monachium,<\/li>\n\n\n\n<li>ekspozycji&nbsp;<strong>Grupy K\u0119ty<\/strong>, wed\u0142ug projektu&nbsp;<strong>Pauliny Brodowskiej<\/strong>&nbsp;z&nbsp;firmy&nbsp;<strong>Meli\u0144ski Minuth<\/strong>&nbsp;z&nbsp;Poznania, wykonanej przez&nbsp;<strong>Meli\u0144ski Minuth<\/strong>&nbsp;na&nbsp;targach Aluminium w&nbsp;Dusseldorfie.<\/li>\n<\/ul>\n\n\n\n<h4 class=\"wp-block-heading\"><strong>W kategorii ekspozycji eventowych, Jury przyzna\u0142o:<\/strong><\/h4>\n\n\n\n<h5 class=\"wp-block-heading\"><strong>I miejsce<\/strong><\/h5>\n\n\n\n<p>Ekspozycja&nbsp;<strong>Cavaliada Summer Jumping<\/strong>, wed\u0142ug koncepcji&nbsp;<strong>Dominika Nowackiego \/ Zbigniewa J\u00f3zefioka,<\/strong>&nbsp;wykonanej w&nbsp;Ko\u0142obrzegu przez firm\u0119&nbsp;<strong>IDEAEXPO.MTP&nbsp;<\/strong><\/p>\n\n\n<div class=\"wp-block-image\">\n<figure class=\"aligncenter size-large\"><a href=\"https:\/\/polfair.pl\/new\/wp-content\/uploads\/2023\/09\/iDEAEXPO2-1320x802-1.jpeg\"><img loading=\"lazy\" decoding=\"async\" width=\"1280\" height=\"778\" src=\"https:\/\/polfair.pl\/new\/wp-content\/uploads\/2023\/09\/iDEAEXPO2-1320x802-1-1280x778.jpeg\" alt=\"\" class=\"wp-image-2035\" srcset=\"https:\/\/polfair.pl\/new\/wp-content\/uploads\/2023\/09\/iDEAEXPO2-1320x802-1-1280x778.jpeg 1280w, https:\/\/polfair.pl\/new\/wp-content\/uploads\/2023\/09\/iDEAEXPO2-1320x802-1-600x365.jpeg 600w, https:\/\/polfair.pl\/new\/wp-content\/uploads\/2023\/09\/iDEAEXPO2-1320x802-1-768x467.jpeg 768w, https:\/\/polfair.pl\/new\/wp-content\/uploads\/2023\/09\/iDEAEXPO2-1320x802-1.jpeg 1320w\" sizes=\"auto, (max-width: 1280px) 100vw, 1280px\" \/><\/a><\/figure>\n<\/div>\n\n\n<h5 class=\"wp-block-heading\"><strong>II miejsce<\/strong><\/h5>\n\n\n\n<p>Ekspozycja&nbsp;<strong>Zgromadzenie Narodowe<\/strong>, koordynator techniczny:&nbsp;<strong>Zbigniew J\u00f3zefiok<\/strong>, wykonanej w&nbsp;Poznaniu przez firm\u0119&nbsp;<strong>IDEAEXPO.MTP&nbsp;<\/strong><\/p>\n\n\n<div class=\"wp-block-image\">\n<figure class=\"aligncenter size-large\"><a href=\"https:\/\/polfair.pl\/new\/wp-content\/uploads\/2023\/09\/iDEAEXPO4-1320x880-1.jpeg\"><img loading=\"lazy\" decoding=\"async\" width=\"1280\" height=\"853\" src=\"https:\/\/polfair.pl\/new\/wp-content\/uploads\/2023\/09\/iDEAEXPO4-1320x880-1-1280x853.jpeg\" alt=\"\" class=\"wp-image-2036\" srcset=\"https:\/\/polfair.pl\/new\/wp-content\/uploads\/2023\/09\/iDEAEXPO4-1320x880-1-1280x853.jpeg 1280w, https:\/\/polfair.pl\/new\/wp-content\/uploads\/2023\/09\/iDEAEXPO4-1320x880-1-600x400.jpeg 600w, https:\/\/polfair.pl\/new\/wp-content\/uploads\/2023\/09\/iDEAEXPO4-1320x880-1-768x512.jpeg 768w, https:\/\/polfair.pl\/new\/wp-content\/uploads\/2023\/09\/iDEAEXPO4-1320x880-1-666x444.jpeg 666w, https:\/\/polfair.pl\/new\/wp-content\/uploads\/2023\/09\/iDEAEXPO4-1320x880-1.jpeg 1320w\" sizes=\"auto, (max-width: 1280px) 100vw, 1280px\" \/><\/a><\/figure>\n<\/div>\n\n\n<h5 class=\"wp-block-heading\"><strong>III miejsce<\/strong><\/h5>\n\n\n\n<p>Ekspozycja&nbsp;<strong>Renault Polska<\/strong>, wed\u0142ug projektu&nbsp;<strong>Marty Pietrucha i&nbsp;Anny Wid\u017agowskiej&nbsp;z&nbsp;firmy Meli\u0144ski Minuth,<\/strong>&nbsp;wykonanej w&nbsp;Poznaniu przez firm\u0119&nbsp;<strong>Meli\u0144ski Minuth<\/strong>&nbsp;na&nbsp;targach POZNA\u0143 MOTOR SHOW.<\/p>\n\n\n<div class=\"wp-block-image\">\n<figure class=\"aligncenter size-large\"><a href=\"https:\/\/polfair.pl\/new\/wp-content\/uploads\/2023\/09\/mELINSKI5-1320x935-1.jpeg\"><img loading=\"lazy\" decoding=\"async\" width=\"1280\" height=\"907\" src=\"https:\/\/polfair.pl\/new\/wp-content\/uploads\/2023\/09\/mELINSKI5-1320x935-1-1280x907.jpeg\" alt=\"\" class=\"wp-image-2037\" srcset=\"https:\/\/polfair.pl\/new\/wp-content\/uploads\/2023\/09\/mELINSKI5-1320x935-1-1280x907.jpeg 1280w, https:\/\/polfair.pl\/new\/wp-content\/uploads\/2023\/09\/mELINSKI5-1320x935-1-600x425.jpeg 600w, https:\/\/polfair.pl\/new\/wp-content\/uploads\/2023\/09\/mELINSKI5-1320x935-1-768x544.jpeg 768w, https:\/\/polfair.pl\/new\/wp-content\/uploads\/2023\/09\/mELINSKI5-1320x935-1.jpeg 1320w\" sizes=\"auto, (max-width: 1280px) 100vw, 1280px\" \/><\/a><\/figure>\n<\/div>\n\n\n<p><em>\u0179r\u00f3d\u0142o: Polska Izba Przemys\u0142u Targowego<\/em><\/p>\n","protected":false},"excerpt":{"rendered":"<p>W kategorii ekspozycji targowych do&nbsp;50 m\u00b2 , Jury przyzna\u0142o: I miejsce Ekspozycja wystawcy&nbsp;D+H Polska, wed\u0142ug projektu&nbsp;Marty Pietrucha i&nbsp;Przemys\u0142awa Furmana&nbsp;(Project Managera) &hellip; <span class=\"more-button\"><a href=\"https:\/\/polfair.pl\/new\/konkurs-pipt-ekspozycja-roku-2016\/\" class=\"more-link\">Czytaj wi\u0119cej<span class=\"screen-reader-text\">Konkurs PIPT &#8222;Ekspozycja roku 2016&#8221;<\/span><\/a><\/span><\/p>\n","protected":false},"author":3,"featured_media":0,"parent":0,"menu_order":0,"comment_status":"closed","ping_status":"closed","template":"","meta":{"inline_featured_image":false,"footnotes":""},"class_list":["post-2028","page","type-page","status-publish","hentry"],"_links":{"self":[{"href":"https:\/\/polfair.pl\/new\/wp-json\/wp\/v2\/pages\/2028","targetHints":{"allow":["GET"]}}],"collection":[{"href":"https:\/\/polfair.pl\/new\/wp-json\/wp\/v2\/pages"}],"about":[{"href":"https:\/\/polfair.pl\/new\/wp-json\/wp\/v2\/types\/page"}],"author":[{"embeddable":true,"href":"https:\/\/polfair.pl\/new\/wp-json\/wp\/v2\/users\/3"}],"replies":[{"embeddable":true,"href":"https:\/\/polfair.pl\/new\/wp-json\/wp\/v2\/comments?post=2028"}],"version-history":[{"count":2,"href":"https:\/\/polfair.pl\/new\/wp-json\/wp\/v2\/pages\/2028\/revisions"}],"predecessor-version":[{"id":2038,"href":"https:\/\/polfair.pl\/new\/wp-json\/wp\/v2\/pages\/2028\/revisions\/2038"}],"wp:attachment":[{"href":"https:\/\/polfair.pl\/new\/wp-json\/wp\/v2\/media?parent=2028"}],"curies":[{"name":"wp","href":"https:\/\/api.w.org\/{rel}","templated":true}]}}