{"id":1898,"date":"2023-09-30T00:15:23","date_gmt":"2023-09-29T22:15:23","guid":{"rendered":"https:\/\/polfair.pl\/new\/?page_id=1898"},"modified":"2023-09-30T00:15:24","modified_gmt":"2023-09-29T22:15:24","slug":"sekcje-branzowe-pipt","status":"publish","type":"page","link":"https:\/\/polfair.pl\/new\/sekcje-branzowe-pipt\/","title":{"rendered":"Sekcje bran\u017cowe PIPT"},"content":{"rendered":"\n<p>Zach\u0119camy Cz\u0142onk&oacute;w naszej Izby do&nbsp;tworzenia Oddzia\u0142&oacute;w Regionalnych i&nbsp;Sekcji Bran\u017cowych lub&nbsp;do\u0142\u0105czania do&nbsp;ju\u017c&nbsp;istniej\u0105cych:<\/p>\n<p><strong>Spotkania sekcji<\/strong><\/p>\n<p><strong>Sekcja &bdquo;Organizatorzy targ&oacute;w i&nbsp;operatorzy obiekt&oacute;w targowych&rdquo;<\/strong><\/p>\n<p><strong>Sekcja &bdquo;Organizatorzy wyst\u0105pie\u0144 za&nbsp;granic\u0105 i&nbsp;dostawcy us\u0142ug dla&nbsp;przedsi\u0119biorstw bior\u0105cych udzia\u0142 w&nbsp;targach za&nbsp;granic\u0105&rdquo;<\/strong><\/p>\n<p><strong>Sekcja &bdquo;Przedsi\u0119biorstwa prowadz\u0105ce dzia\u0142alno\u015b\u0107 w&nbsp;zakresie budowy stoisk&rdquo;<\/strong><\/p>\n<p><strong>Sekcja &bdquo;Spedycja Targowa&rdquo;<\/strong><\/p>\n<h3><strong>Wyci\u0105g ze&nbsp;statutu dot. zak\u0142adania sekcji i&nbsp;oddzia\u0142&oacute;w regionalnych:<\/strong><\/h3>\n<p>Zgodnie ze&nbsp;Statutem Polskiej Izby Przemys\u0142u Targowego Cz\u0142onkowie Izby maj\u0105 prawo, m.in do: tworzenia i&nbsp;zrzeszania si\u0119&nbsp;w&nbsp;sekcjach bran\u017cowych i&nbsp;oddzia\u0142ach regionalnych.&nbsp;<\/p>\n<p>Powo\u0142ywanie Oddzia\u0142&oacute;w Regionalnych lub&nbsp;Sekcji Bran\u017cowych oraz zatwierdzanie ich&nbsp;regulamin&oacute;w nale\u017cy do&nbsp;kompetencji Rady PIPT.<\/p>\n<p>Wyci\u0105g ze&nbsp;Statutu PIPT dotycz\u0105cego tworzenia O&nbsp;dzia\u0142&oacute;w Regionalnych i&nbsp;Sekcji Bran\u017cowych:<\/p>\n\n\n\n<div class=\"text-center\">\n<h3>ODDZIA\u0141Y REGIONALNE I&nbsp;SEKCJE BRAN\u017bOWE<\/h3>\n<p>&sect; 46<\/p>\n<p>W celu realizacji zada\u0144 statutowych cz\u0142onkowie Izby maj\u0105 prawo tworzy\u0107 Oddzia\u0142y Regionalne oraz Sekcje Bran\u017cowe.<\/p>\n<p>&sect; 47<\/p>\n<p>Utworzenie Oddzia\u0142u Regionalnego lub&nbsp;Sekcji Bran\u017cowej nast\u0119puje na&nbsp;wniosek 5&nbsp;cz\u0142onk&oacute;w Izby z&nbsp;danego regionu albo 5&nbsp;cz\u0142onk&oacute;w z&nbsp;danej bran\u017cy, b\u0119d\u0105cy potwierdzeniem ich&nbsp;woli pracy w&nbsp;oddziale lub&nbsp;sekcji. Cz\u0142onkowie wyst\u0119puj\u0105cy z&nbsp;inicjatyw\u0105 utworzenia oddzia\u0142u regionalnego lub&nbsp;sekcji bran\u017cowej, opracowuj\u0105 regulamin dzia\u0142alno\u015bci oddzia\u0142u lub&nbsp;sekcji i&nbsp;przedk\u0142adaj\u0105 go&nbsp;Radzie Izby do&nbsp;zatwierdzenia.<\/p>\n<p>&sect; 48<\/p>\n<p>Poj\u0119cie Regionu lub&nbsp;Bran\u017cy, w&nbsp;rozumieniu &sect; 47&nbsp;definiowane jest ka\u017cdorazowo przez osoby wyst\u0119puj\u0105ce z&nbsp;wnioskiem o&nbsp;utworzenie oddzia\u0142u regionalnego lub&nbsp;sekcji bran\u017cowej.<\/p>\n<p>&sect; 49<\/p>\n<p>Oddzia\u0142 Regionalny lub&nbsp;Sekcja Bran\u017cowa rozpoczyna sw\u0105&nbsp;dzia\u0142alno\u015b\u0107 po&nbsp;zatwierdzeniu regulaminu przez Rad\u0119 Izby. Zatwierdzenie regulaminu oraz odmowa jego zatwierdzenia nast\u0119puje w&nbsp;formie uchwa\u0142y Rady Izby.<\/p>\n<p>&sect; 50<\/p>\n<p>Rada Izby odm&oacute;wi zatwierdzenia regulaminu w&nbsp;razie jego niezgodno\u015bci ze&nbsp;Statutem Izby lub&nbsp;z&nbsp;przepisami prawa.<\/p>\n<p>&sect; 51<\/p>\n<p>Cz\u0142onkowie zrzeszeni w&nbsp;Oddzia\u0142ach Regionalnych lub&nbsp;Sekcjach Bran\u017cowych wybieraj\u0105 ze&nbsp;swego grona Przewodnicz\u0105cego.<\/p>\n<p>&sect; 52<\/p>\n<p>Przewodnicz\u0105cym Oddzia\u0142&oacute;w Regionalnych lub&nbsp;Sekcji Bran\u017cowych przys\u0142uguje prawo uczestniczenia w&nbsp;posiedzeniach Rady Izby z&nbsp;g\u0142osem doradczym.<\/p>\n<\/div>\n","protected":false},"excerpt":{"rendered":"<p>Zach\u0119camy Cz\u0142onk&oacute;w naszej Izby do&nbsp;tworzenia Oddzia\u0142&oacute;w Regionalnych i&nbsp;Sekcji Bran\u017cowych lub&nbsp;do\u0142\u0105czania do&nbsp;ju\u017c&nbsp;istniej\u0105cych: Spotkania sekcji Sekcja &bdquo;Organizatorzy targ&oacute;w i&nbsp;operatorzy obiekt&oacute;w targowych&rdquo; Sekcja &hellip; <span class=\"more-button\"><a href=\"https:\/\/polfair.pl\/new\/sekcje-branzowe-pipt\/\" class=\"more-link\">Czytaj wi\u0119cej<span class=\"screen-reader-text\">Sekcje bran\u017cowe PIPT<\/span><\/a><\/span><\/p>\n","protected":false},"author":3,"featured_media":0,"parent":0,"menu_order":0,"comment_status":"closed","ping_status":"closed","template":"","meta":{"inline_featured_image":false,"footnotes":""},"class_list":["post-1898","page","type-page","status-publish","hentry"],"_links":{"self":[{"href":"https:\/\/polfair.pl\/new\/wp-json\/wp\/v2\/pages\/1898","targetHints":{"allow":["GET"]}}],"collection":[{"href":"https:\/\/polfair.pl\/new\/wp-json\/wp\/v2\/pages"}],"about":[{"href":"https:\/\/polfair.pl\/new\/wp-json\/wp\/v2\/types\/page"}],"author":[{"embeddable":true,"href":"https:\/\/polfair.pl\/new\/wp-json\/wp\/v2\/users\/3"}],"replies":[{"embeddable":true,"href":"https:\/\/polfair.pl\/new\/wp-json\/wp\/v2\/comments?post=1898"}],"version-history":[{"count":1,"href":"https:\/\/polfair.pl\/new\/wp-json\/wp\/v2\/pages\/1898\/revisions"}],"predecessor-version":[{"id":1899,"href":"https:\/\/polfair.pl\/new\/wp-json\/wp\/v2\/pages\/1898\/revisions\/1899"}],"wp:attachment":[{"href":"https:\/\/polfair.pl\/new\/wp-json\/wp\/v2\/media?parent=1898"}],"curies":[{"name":"wp","href":"https:\/\/api.w.org\/{rel}","templated":true}]}}