{"id":1479,"date":"2023-01-12T21:29:31","date_gmt":"2023-01-12T20:29:31","guid":{"rendered":"https:\/\/polfair.pl\/new\/?page_id=1479"},"modified":"2023-09-30T00:09:41","modified_gmt":"2023-09-29T22:09:41","slug":"organy-izby","status":"publish","type":"page","link":"https:\/\/polfair.pl\/new\/organy-izby\/","title":{"rendered":"Organy Izby"},"content":{"rendered":"\n<h2 class=\"wp-block-heading\" style=\"font-size:28px\"><strong>Rada Polskiej Izby Przemys\u0142u Targowego:<\/strong><\/h2>\n\n\n\n<div style=\"height:60px\" aria-hidden=\"true\" class=\"wp-block-spacer\"><\/div>\n\n\n\n<h3 class=\"wp-block-heading has-text-align-center\"><strong>Prezes Rady \u2013 Tomasz Kobierski<\/strong><\/h3>\n\n\n\n<h4 class=\"wp-block-heading has-text-align-center\">prezes zarz\u0105du \u2013 Grupa MTP<\/h4>\n\n\n\n<center><img decoding=\"async\" src=\"https:\/\/polfair.pl\/new\/wp-content\/uploads\/2023\/01\/Tomasz-Kobierski.jpg\"><\/center>\n\n\n\n<div style=\"height:60px\" aria-hidden=\"true\" class=\"wp-block-spacer\"><\/div>\n\n\n\n<div class=\"wp-block-columns is-layout-flex wp-container-core-columns-is-layout-9d6595d7 wp-block-columns-is-layout-flex\">\n<div class=\"wp-block-column is-layout-flow wp-block-column-is-layout-flow\"><div class=\"wp-block-image\">\n<figure class=\"aligncenter size-full is-resized\"><img decoding=\"async\" src=\"https:\/\/polfair.pl\/new\/wp-content\/uploads\/2023\/01\/Andrzej-Mochon.jpg\" alt=\"Andrzej Mocho\u0144\" class=\"wp-image-1491\" style=\"width:300px\" width=\"300\"\/><\/figure>\n<\/div>\n\n\n<h5 class=\"wp-block-heading has-text-align-center\">Wiceprezes Rady dr Andrzej Macho\u0144<\/h5>\n\n\n\n<p class=\"has-text-align-center\">Prezes zarz\u0105du, Targi Kielce<\/p>\n<\/div>\n\n\n\n<div class=\"wp-block-column is-layout-flow wp-block-column-is-layout-flow\"><div class=\"wp-block-image\">\n<figure class=\"aligncenter size-full is-resized\"><img decoding=\"async\" src=\"https:\/\/polfair.pl\/new\/wp-content\/uploads\/2023\/09\/p-orlowski.jpg\" alt=\"\" class=\"wp-image-1889\" style=\"width:300px\" width=\"300\" srcset=\"https:\/\/polfair.pl\/new\/wp-content\/uploads\/2023\/09\/p-orlowski.jpg 388w, https:\/\/polfair.pl\/new\/wp-content\/uploads\/2023\/09\/p-orlowski-100x100.jpg 100w, https:\/\/polfair.pl\/new\/wp-content\/uploads\/2023\/09\/p-orlowski-50x50.jpg 50w\" sizes=\"(max-width: 388px) 100vw, 388px\" \/><\/figure>\n<\/div>\n\n\n<h5 class=\"wp-block-heading has-text-align-center\">Wiceprezes Rady Pawe\u0142 Or\u0142owski<\/h5>\n\n\n\n<p class=\"has-text-align-center\">Wiceprezes zarz\u0105du, Mi\u0119dzynarodowe Targi Gda\u0144sk Amber Expo<\/p>\n<\/div>\n\n\n\n<div class=\"wp-block-column is-layout-flow wp-block-column-is-layout-flow\"><div class=\"wp-block-image\">\n<figure class=\"aligncenter size-full is-resized\"><img decoding=\"async\" src=\"https:\/\/polfair.pl\/new\/wp-content\/uploads\/2023\/09\/p-montewka.jpg\" alt=\"\" class=\"wp-image-1888\" style=\"width:300px\" width=\"300\" srcset=\"https:\/\/polfair.pl\/new\/wp-content\/uploads\/2023\/09\/p-montewka.jpg 300w, https:\/\/polfair.pl\/new\/wp-content\/uploads\/2023\/09\/p-montewka-270x270.jpg 270w, https:\/\/polfair.pl\/new\/wp-content\/uploads\/2023\/09\/p-montewka-100x100.jpg 100w, https:\/\/polfair.pl\/new\/wp-content\/uploads\/2023\/09\/p-montewka-50x50.jpg 50w\" sizes=\"(max-width: 300px) 100vw, 300px\" \/><\/figure>\n<\/div>\n\n\n<h5 class=\"wp-block-heading has-text-align-center\">Wiceprezes Rady Pawe\u0142 Montewka<\/h5>\n\n\n\n<p class=\"has-text-align-center\">Pod firm\u0105 Montexpo Pawe\u0142 Montewka<\/p>\n<\/div>\n<\/div>\n\n\n\n<div class=\"wp-block-columns is-layout-flex wp-container-core-columns-is-layout-9d6595d7 wp-block-columns-is-layout-flex\">\n<div class=\"wp-block-column is-layout-flow wp-block-column-is-layout-flow\"><div class=\"wp-block-image\">\n<figure class=\"aligncenter size-full is-resized\"><img decoding=\"async\" src=\"https:\/\/polfair.pl\/new\/wp-content\/uploads\/2023\/09\/e-woch.jpg\" alt=\"\" class=\"wp-image-1881\" style=\"width:300px\" width=\"300\" srcset=\"https:\/\/polfair.pl\/new\/wp-content\/uploads\/2023\/09\/e-woch.jpg 300w, https:\/\/polfair.pl\/new\/wp-content\/uploads\/2023\/09\/e-woch-270x270.jpg 270w, https:\/\/polfair.pl\/new\/wp-content\/uploads\/2023\/09\/e-woch-100x100.jpg 100w, https:\/\/polfair.pl\/new\/wp-content\/uploads\/2023\/09\/e-woch-50x50.jpg 50w\" sizes=\"(max-width: 300px) 100vw, 300px\" \/><\/figure>\n<\/div>\n\n\n<h5 class=\"wp-block-heading has-text-align-center\">Cz\u0142onek Rady Ewa Woch-Ko\u015bmider<\/h5>\n\n\n\n<p class=\"has-text-align-center\">Wiceprezes, Targi w Krakowie<\/p>\n<\/div>\n\n\n\n<div class=\"wp-block-column is-layout-flow wp-block-column-is-layout-flow\"><div class=\"wp-block-image\">\n<figure class=\"aligncenter size-full is-resized\"><img decoding=\"async\" src=\"https:\/\/polfair.pl\/new\/wp-content\/uploads\/2023\/09\/l-bretes.jpg\" alt=\"\" class=\"wp-image-1883\" style=\"width:300px\" width=\"300\" srcset=\"https:\/\/polfair.pl\/new\/wp-content\/uploads\/2023\/09\/l-bretes.jpg 300w, https:\/\/polfair.pl\/new\/wp-content\/uploads\/2023\/09\/l-bretes-270x270.jpg 270w, https:\/\/polfair.pl\/new\/wp-content\/uploads\/2023\/09\/l-bretes-100x100.jpg 100w, https:\/\/polfair.pl\/new\/wp-content\/uploads\/2023\/09\/l-bretes-50x50.jpg 50w\" sizes=\"(max-width: 300px) 100vw, 300px\" \/><\/figure>\n<\/div>\n\n\n<h5 class=\"wp-block-heading has-text-align-center\">Cz\u0142onek Rady Lena Bretes-Doro\u017ca\u0142a<\/h5>\n\n\n\n<p class=\"has-text-align-center\">Prezes zarz\u0105du, World Trade Center Pozna\u0144<\/p>\n<\/div>\n\n\n\n<div class=\"wp-block-column is-layout-flow wp-block-column-is-layout-flow\"><div class=\"wp-block-image\">\n<figure class=\"aligncenter size-full is-resized\"><img decoding=\"async\" src=\"https:\/\/polfair.pl\/new\/wp-content\/uploads\/2023\/09\/g-rytel.png\" alt=\"\" class=\"wp-image-1882\" style=\"width:300px\" width=\"300\" srcset=\"https:\/\/polfair.pl\/new\/wp-content\/uploads\/2023\/09\/g-rytel.png 300w, https:\/\/polfair.pl\/new\/wp-content\/uploads\/2023\/09\/g-rytel-270x270.png 270w, https:\/\/polfair.pl\/new\/wp-content\/uploads\/2023\/09\/g-rytel-100x100.png 100w, https:\/\/polfair.pl\/new\/wp-content\/uploads\/2023\/09\/g-rytel-50x50.png 50w\" sizes=\"(max-width: 300px) 100vw, 300px\" \/><\/figure>\n<\/div>\n\n\n<h5 class=\"wp-block-heading has-text-align-center\">Cz\u0142onek Rady Ma\u0142gorzata Ryttel<\/h5>\n\n\n\n<p class=\"has-text-align-center\">Prezes zarz\u0105du Maxpol<\/p>\n<\/div>\n<\/div>\n\n\n\n<div class=\"wp-block-columns is-layout-flex wp-container-core-columns-is-layout-9d6595d7 wp-block-columns-is-layout-flex\">\n<div class=\"wp-block-column is-layout-flow wp-block-column-is-layout-flow\"><div class=\"wp-block-image\">\n<figure class=\"aligncenter size-full is-resized\"><img decoding=\"async\" src=\"https:\/\/polfair.pl\/new\/wp-content\/uploads\/2023\/09\/m-makosa.jpg\" alt=\"\" class=\"wp-image-1884\" style=\"width:300px\" width=\"300\" srcset=\"https:\/\/polfair.pl\/new\/wp-content\/uploads\/2023\/09\/m-makosa.jpg 314w, https:\/\/polfair.pl\/new\/wp-content\/uploads\/2023\/09\/m-makosa-300x300.jpg 300w, https:\/\/polfair.pl\/new\/wp-content\/uploads\/2023\/09\/m-makosa-270x270.jpg 270w, https:\/\/polfair.pl\/new\/wp-content\/uploads\/2023\/09\/m-makosa-100x100.jpg 100w, https:\/\/polfair.pl\/new\/wp-content\/uploads\/2023\/09\/m-makosa-50x50.jpg 50w\" sizes=\"(max-width: 314px) 100vw, 314px\" \/><\/figure>\n<\/div>\n\n\n<h5 class=\"wp-block-heading has-text-align-center\">Cz\u0142onek Rady Magdalena M\u0105kosa<\/h5>\n\n\n\n<p class=\"has-text-align-center\">Prezes zarz\u0105du, Expo Construct<\/p>\n<\/div>\n\n\n\n<div class=\"wp-block-column is-layout-flow wp-block-column-is-layout-flow\"><div class=\"wp-block-image\">\n<figure class=\"aligncenter size-full is-resized\"><img decoding=\"async\" src=\"https:\/\/polfair.pl\/new\/wp-content\/uploads\/2023\/01\/Krzysztof-Szofer.png\" alt=\"Krzysztof Szofer\" class=\"wp-image-1486\" style=\"width:300px\" width=\"300\"\/><\/figure>\n<\/div>\n\n\n<h5 class=\"wp-block-heading has-text-align-center\">Cz\u0142onek Rady Krzysztof Szofer<\/h5>\n\n\n\n<p class=\"has-text-align-center\">Wiceprezes zarz\u0105du, BWS Expo Plus<\/p>\n<\/div>\n\n\n\n<div class=\"wp-block-column is-layout-flow wp-block-column-is-layout-flow\"><div class=\"wp-block-image\">\n<figure class=\"aligncenter size-full is-resized\"><img decoding=\"async\" src=\"https:\/\/polfair.pl\/new\/wp-content\/uploads\/2023\/09\/d-akonom.jpg\" alt=\"\" class=\"wp-image-1880\" style=\"width:300px\" width=\"300\" srcset=\"https:\/\/polfair.pl\/new\/wp-content\/uploads\/2023\/09\/d-akonom.jpg 300w, https:\/\/polfair.pl\/new\/wp-content\/uploads\/2023\/09\/d-akonom-270x270.jpg 270w, https:\/\/polfair.pl\/new\/wp-content\/uploads\/2023\/09\/d-akonom-100x100.jpg 100w, https:\/\/polfair.pl\/new\/wp-content\/uploads\/2023\/09\/d-akonom-50x50.jpg 50w\" sizes=\"(max-width: 300px) 100vw, 300px\" \/><\/figure>\n<\/div>\n\n\n<h5 class=\"wp-block-heading has-text-align-center\">Cz\u0142onek Rady Dariusz Akonom<\/h5>\n\n\n\n<p class=\"has-text-align-center\">Prezes zarz\u0105du, Netlog Polska<\/p>\n<\/div>\n<\/div>\n\n\n\n<h3 class=\"wp-block-heading\" style=\"font-size:28px\"><strong>Zarz\u0105d Polskiej Izby Przemys\u0142u Targowego<\/strong><\/h3>\n\n\n\n<div style=\"height:30px\" aria-hidden=\"true\" class=\"wp-block-spacer\"><\/div>\n\n\n\n<div class=\"wp-block-columns is-layout-flex wp-container-core-columns-is-layout-9d6595d7 wp-block-columns-is-layout-flex\">\n<div class=\"wp-block-column is-layout-flow wp-block-column-is-layout-flow\"><div class=\"wp-block-image\">\n<figure class=\"aligncenter size-full is-resized\"><img decoding=\"async\" src=\"https:\/\/polfair.pl\/new\/wp-content\/uploads\/2023\/09\/b-kozyra.jpg\" alt=\"\" class=\"wp-image-1879\" style=\"width:300px\" width=\"300\" srcset=\"https:\/\/polfair.pl\/new\/wp-content\/uploads\/2023\/09\/b-kozyra.jpg 300w, https:\/\/polfair.pl\/new\/wp-content\/uploads\/2023\/09\/b-kozyra-270x270.jpg 270w, https:\/\/polfair.pl\/new\/wp-content\/uploads\/2023\/09\/b-kozyra-100x100.jpg 100w, https:\/\/polfair.pl\/new\/wp-content\/uploads\/2023\/09\/b-kozyra-50x50.jpg 50w\" sizes=\"(max-width: 300px) 100vw, 300px\" \/><\/figure>\n<\/div>\n\n\n<h5 class=\"wp-block-heading has-text-align-center\">Dyrektor generalny dr Beata Kozyra<\/h5>\n\n\n\n<p class=\"has-text-align-center\">Cz\u0142onek zarz\u0105du<\/p>\n<\/div>\n\n\n\n<div class=\"wp-block-column is-layout-flow wp-block-column-is-layout-flow\"><\/div>\n\n\n\n<div class=\"wp-block-column is-layout-flow wp-block-column-is-layout-flow\"><\/div>\n<\/div>\n\n\n\n<h3 class=\"wp-block-heading\" style=\"font-size:28px\"><strong>Komisja rewizyjna Polskiej Izby Przemys\u0142u Targowego<\/strong><\/h3>\n\n\n\n<div style=\"height:30px\" aria-hidden=\"true\" class=\"wp-block-spacer\"><\/div>\n\n\n\n<div class=\"wp-block-columns is-layout-flex wp-container-core-columns-is-layout-9d6595d7 wp-block-columns-is-layout-flex\">\n<div class=\"wp-block-column is-layout-flow wp-block-column-is-layout-flow\"><div class=\"wp-block-image is-style-rounded\">\n<figure class=\"aligncenter size-full is-resized\"><img decoding=\"async\" src=\"https:\/\/polfair.pl\/new\/wp-content\/uploads\/2023\/01\/liczba-zwiedzajacych-120x120-1.png\" alt=\"\" class=\"wp-image-1718\" style=\"width:300px\" width=\"300\" srcset=\"https:\/\/polfair.pl\/new\/wp-content\/uploads\/2023\/01\/liczba-zwiedzajacych-120x120-1.png 120w, https:\/\/polfair.pl\/new\/wp-content\/uploads\/2023\/01\/liczba-zwiedzajacych-120x120-1-100x100.png 100w, https:\/\/polfair.pl\/new\/wp-content\/uploads\/2023\/01\/liczba-zwiedzajacych-120x120-1-50x50.png 50w\" sizes=\"(max-width: 120px) 100vw, 120px\" \/><\/figure>\n<\/div>\n\n\n<h5 class=\"wp-block-heading has-text-align-center\">Przewodnicz\u0105cy komisji Marek Gmerek<\/h5>\n\n\n\n<p class=\"has-text-align-center\">AA Studio Kombiko<\/p>\n<\/div>\n\n\n\n<div class=\"wp-block-column is-layout-flow wp-block-column-is-layout-flow\"><div class=\"wp-block-image\">\n<figure class=\"aligncenter size-full is-resized\"><img decoding=\"async\" src=\"https:\/\/polfair.pl\/new\/wp-content\/uploads\/2023\/09\/m-spaczynski.jpg\" alt=\"\" class=\"wp-image-1885\" style=\"width:300px\" width=\"300\" srcset=\"https:\/\/polfair.pl\/new\/wp-content\/uploads\/2023\/09\/m-spaczynski.jpg 236w, https:\/\/polfair.pl\/new\/wp-content\/uploads\/2023\/09\/m-spaczynski-100x100.jpg 100w, https:\/\/polfair.pl\/new\/wp-content\/uploads\/2023\/09\/m-spaczynski-50x50.jpg 50w\" sizes=\"(max-width: 236px) 100vw, 236px\" \/><\/figure>\n<\/div>\n\n\n<h5 class=\"wp-block-heading has-text-align-center\">Wiceprzewodnicz\u0105cy komisji Micha\u0142 Spaczy\u0144ski<\/h5>\n\n\n\n<p class=\"has-text-align-center\">Wiceprezes zarz\u0105du, dyrektor zarz\u0105dzaj\u0105cy Polska Izba Gospodarcza Maszyn i Urz\u0105dze\u0144 Rolniczych<\/p>\n<\/div>\n\n\n\n<div class=\"wp-block-column is-layout-flow wp-block-column-is-layout-flow\"><div class=\"wp-block-image\">\n<figure class=\"aligncenter size-full is-resized\"><img decoding=\"async\" src=\"https:\/\/polfair.pl\/new\/wp-content\/uploads\/2023\/09\/a-rudzka.jpg\" alt=\"\" class=\"wp-image-1878\" style=\"width:300px\" width=\"300\" srcset=\"https:\/\/polfair.pl\/new\/wp-content\/uploads\/2023\/09\/a-rudzka.jpg 314w, https:\/\/polfair.pl\/new\/wp-content\/uploads\/2023\/09\/a-rudzka-300x300.jpg 300w, https:\/\/polfair.pl\/new\/wp-content\/uploads\/2023\/09\/a-rudzka-270x270.jpg 270w, https:\/\/polfair.pl\/new\/wp-content\/uploads\/2023\/09\/a-rudzka-100x100.jpg 100w, https:\/\/polfair.pl\/new\/wp-content\/uploads\/2023\/09\/a-rudzka-50x50.jpg 50w\" sizes=\"(max-width: 314px) 100vw, 314px\" \/><\/figure>\n<\/div>\n\n\n<h5 class=\"wp-block-heading has-text-align-center\">Sekretarz komisji Anna Rudzka<\/h5>\n\n\n\n<p class=\"has-text-align-center\">Pod firm\u0105 Perfekt Anna Rudzka<\/p>\n<\/div>\n<\/div>\n\n\n\n<div class=\"wp-block-columns is-layout-flex wp-container-core-columns-is-layout-9d6595d7 wp-block-columns-is-layout-flex\">\n<div class=\"wp-block-column is-layout-flow wp-block-column-is-layout-flow\"><div class=\"wp-block-image\">\n<figure class=\"aligncenter size-full is-resized\"><img decoding=\"async\" src=\"https:\/\/polfair.pl\/new\/wp-content\/uploads\/2023\/09\/m-szulc.png\" alt=\"\" class=\"wp-image-1886\" style=\"width:300px\" width=\"300\" srcset=\"https:\/\/polfair.pl\/new\/wp-content\/uploads\/2023\/09\/m-szulc.png 300w, https:\/\/polfair.pl\/new\/wp-content\/uploads\/2023\/09\/m-szulc-270x270.png 270w, https:\/\/polfair.pl\/new\/wp-content\/uploads\/2023\/09\/m-szulc-100x100.png 100w, https:\/\/polfair.pl\/new\/wp-content\/uploads\/2023\/09\/m-szulc-50x50.png 50w\" sizes=\"(max-width: 300px) 100vw, 300px\" \/><\/figure>\n<\/div>\n\n\n<h5 class=\"wp-block-heading has-text-align-center\">Cz\u0142onek komisji Marzena Zawadzka-Szulc<\/h5>\n\n\n\n<p class=\"has-text-align-center\">Prezes zarz\u0105du, Universal Express<\/p>\n<\/div>\n\n\n\n<div class=\"wp-block-column is-layout-flow wp-block-column-is-layout-flow\"><div class=\"wp-block-image\">\n<figure class=\"aligncenter size-full is-resized\"><img decoding=\"async\" src=\"https:\/\/polfair.pl\/new\/wp-content\/uploads\/2023\/09\/p-kubica.jpg\" alt=\"\" class=\"wp-image-1887\" style=\"width:300px\" width=\"300\" srcset=\"https:\/\/polfair.pl\/new\/wp-content\/uploads\/2023\/09\/p-kubica.jpg 236w, https:\/\/polfair.pl\/new\/wp-content\/uploads\/2023\/09\/p-kubica-100x100.jpg 100w, https:\/\/polfair.pl\/new\/wp-content\/uploads\/2023\/09\/p-kubica-50x50.jpg 50w\" sizes=\"(max-width: 236px) 100vw, 236px\" \/><\/figure>\n<\/div>\n\n\n<h5 class=\"wp-block-heading has-text-align-center\">Cz\u0142onek komisji Piotr Kubica<\/h5>\n\n\n\n<p class=\"has-text-align-center\">Cz\u0142onek zarz\u0105du Warszawskiego Centrum EXPO XXI<\/p>\n<\/div>\n\n\n\n<div class=\"wp-block-column is-layout-flow wp-block-column-is-layout-flow\"><div class=\"wp-block-image is-style-rounded\">\n<figure class=\"aligncenter size-full is-resized\"><img loading=\"lazy\" decoding=\"async\" src=\"https:\/\/polfair.pl\/new\/wp-content\/uploads\/2023\/01\/liczba-zwiedzajacych-120x120-1.png\" alt=\"\" class=\"wp-image-1718\" style=\"width:300px;height:300px\" width=\"300\" height=\"300\" srcset=\"https:\/\/polfair.pl\/new\/wp-content\/uploads\/2023\/01\/liczba-zwiedzajacych-120x120-1.png 120w, https:\/\/polfair.pl\/new\/wp-content\/uploads\/2023\/01\/liczba-zwiedzajacych-120x120-1-100x100.png 100w, https:\/\/polfair.pl\/new\/wp-content\/uploads\/2023\/01\/liczba-zwiedzajacych-120x120-1-50x50.png 50w\" sizes=\"auto, (max-width: 300px) 100vw, 300px\" \/><\/figure>\n<\/div>\n\n\n<h5 class=\"wp-block-heading has-text-align-center\">Cz\u0142onek komisji Pawe\u0142 Nowicki<\/h5>\n\n\n\n<p class=\"has-text-align-center\">Dyrektor, cz\u0142onek Rady Dyrektor\u00f3w SQM Multimedia<\/p>\n<\/div>\n<\/div>\n","protected":false},"excerpt":{"rendered":"<p>Rada Polskiej Izby Przemys\u0142u Targowego: Prezes Rady \u2013 Tomasz Kobierski prezes zarz\u0105du \u2013 Grupa MTP Wiceprezes Rady dr Andrzej Macho\u0144 &hellip; <span class=\"more-button\"><a href=\"https:\/\/polfair.pl\/new\/organy-izby\/\" class=\"more-link\">Czytaj wi\u0119cej<span class=\"screen-reader-text\">Organy Izby<\/span><\/a><\/span><\/p>\n","protected":false},"author":1,"featured_media":0,"parent":0,"menu_order":0,"comment_status":"closed","ping_status":"closed","template":"","meta":{"inline_featured_image":false,"footnotes":""},"class_list":["post-1479","page","type-page","status-publish","hentry"],"_links":{"self":[{"href":"https:\/\/polfair.pl\/new\/wp-json\/wp\/v2\/pages\/1479","targetHints":{"allow":["GET"]}}],"collection":[{"href":"https:\/\/polfair.pl\/new\/wp-json\/wp\/v2\/pages"}],"about":[{"href":"https:\/\/polfair.pl\/new\/wp-json\/wp\/v2\/types\/page"}],"author":[{"embeddable":true,"href":"https:\/\/polfair.pl\/new\/wp-json\/wp\/v2\/users\/1"}],"replies":[{"embeddable":true,"href":"https:\/\/polfair.pl\/new\/wp-json\/wp\/v2\/comments?post=1479"}],"version-history":[{"count":35,"href":"https:\/\/polfair.pl\/new\/wp-json\/wp\/v2\/pages\/1479\/revisions"}],"predecessor-version":[{"id":1897,"href":"https:\/\/polfair.pl\/new\/wp-json\/wp\/v2\/pages\/1479\/revisions\/1897"}],"wp:attachment":[{"href":"https:\/\/polfair.pl\/new\/wp-json\/wp\/v2\/media?parent=1479"}],"curies":[{"name":"wp","href":"https:\/\/api.w.org\/{rel}","templated":true}]}}