{"id":1471,"date":"2023-01-12T21:20:36","date_gmt":"2023-01-12T20:20:36","guid":{"rendered":"https:\/\/polfair.pl\/new\/?page_id=1471"},"modified":"2023-09-29T23:32:48","modified_gmt":"2023-09-29T21:32:48","slug":"o-nas","status":"publish","type":"page","link":"https:\/\/polfair.pl\/new\/o-nas\/","title":{"rendered":"O nas"},"content":{"rendered":"\n<h5><strong>Polska Izba Przemys\u0142u Targowego<\/strong><\/h5>\n<p>Polska Izba Przemys\u0142u Targowego (<a href=\"\/\">www.polfair.pl<\/a>) dzia\u0142a od&nbsp;2006 roku jako izba gospodarcza przedsi\u0119biorc&oacute;w bran\u017cy targowej i&nbsp;bran\u017c zwi\u0105zanych z&nbsp;organizacj\u0105 targ&oacute;w, wystaw i&nbsp;event&oacute;w.<\/p>\n<p>W latach 1993-2006 dzia\u0142a\u0142a jako Polska Korporacja Targowa. Siedzib\u0105 PIPT jest Pozna\u0144. W&nbsp;2018 roku organizacja obchodzi 25-lecie istnienia.<\/p>\n<p>Cz\u0142onkami PIPT s\u0105&nbsp;organizatorzy targ&oacute;w i&nbsp;operatorzy obiekt&oacute;w targowo-konferencyjnych w&nbsp;Polsce, dostawcy us\u0142ug projektowania, budowy i&nbsp;wyposa\u017cania stoisk targowych, transportu i&nbsp;spedycji targowej, organizatorzy wyst\u0105pie\u0144 polskich firm w&nbsp;targach za&nbsp;granic\u0105 i&nbsp;przedstawicielstwa targ&oacute;w zagranicznych w&nbsp;Polsce, a&nbsp;tak\u017ce firmy z&nbsp;bran\u017cy reklamy i&nbsp;marketingu, IT, media, przedsi\u0119biorstwa gastronomiczne i&nbsp;dostawcy bazy noclegowej dla&nbsp;klient&oacute;w targ&oacute;w.<\/p>\n<p>Misj\u0105 Polskiej Izby Przemys\u0142u Targowego jest:<\/p>\n<ul>\n<li>s\u0142u\u017cy\u0107 jako wszechstronna platforma wsp&oacute;\u0142pracy wszystkich uczestnik&oacute;w rynku targowego w&nbsp;Polsce<\/li>\n<li>dzia\u0142a\u0107 na&nbsp;rzecz integracji cz\u0142onk&oacute;w i&nbsp;ich&nbsp;identyfikacji ze&nbsp;\u015brodowiskiem bran\u017cowym, wypracowania motywacji do&nbsp;wsp&oacute;lnego dzia\u0142ania i&nbsp;takiej kultury wsp&oacute;\u0142pracy, aby&nbsp;pomna\u017ca\u0142a i&nbsp;chroni interesy gospodarcze cz\u0142onk&oacute;w Izby.<\/li>\n<li>by\u0107 skuteczn\u0105 p\u0142aszczyzn\u0105 dzia\u0142a\u0144 lobbingowych na&nbsp;rzecz polskiego przemys\u0142u targowego<\/li>\n<li>promowa\u0107 udzia\u0142 w&nbsp;targach jako skuteczny element strategii marketingowej i&nbsp;komunikacyjnej przedsi\u0119biorstw<\/li>\n<li>promowa\u0107 najwy\u017csze mi\u0119dzynarodowe standardy w&nbsp;zakresie danych statystycznych targ&oacute;w i&nbsp;podstawowe definicje i&nbsp;poj\u0119cia stosowane w&nbsp;bran\u017cy targowej<\/li>\n<li>dzia\u0142a\u0107 na&nbsp;rzecz podnoszenia standard&oacute;w us\u0142ug targowych w&nbsp;Polsce<\/li>\n<li>dostarcza\u0107 aktualn\u0105 wiedz\u0119 bran\u017cow\u0105 i&nbsp;oferowa\u0107 graczom rynku targowego w&nbsp;Polsce mo\u017cliwo\u015bci w&nbsp;zakresie edukacji i&nbsp;doradztwa prawnego.<\/li>\n<\/ul>\n<p>Dzia\u0142ania lobbingowe s\u0105&nbsp;od&nbsp;lat&nbsp;bardzo wa\u017cnym obszarem dzia\u0142ania PIPT jako izby gospodarczej. W&nbsp;tym&nbsp;zakresie Izba odnios\u0142a w&nbsp;minionych latach kilka sukces&oacute;w, skutecznie uczestnicz\u0105c w&nbsp;procesie nowelizacji m.in. prawa dotycz\u0105cego bezpiecze\u0144stwa imprez masowych (wy\u0142\u0105czenie targ&oacute;w i&nbsp;wystaw) i&nbsp;ustawy prawo w\u0142asno\u015bci przemys\u0142owej (ponowne wprowadzenie tzw. instytucji pierwsze\u0144stwa z&nbsp;wystawy). W&nbsp;2017 roku dzia\u0142ania PIPT dotyczy\u0142y nowelizacji ustawy o&nbsp;podatkach dochodowych i&nbsp;ustawy o&nbsp;ograniczeniu handlu w&nbsp;niedziel\u0119. Dzia\u0142aniom lobbingowym PIPT sprzyja cz\u0142onkostwo w&nbsp;Krajowej Izbie Gospodarczej.<\/p>\n<p>Zgodnie z&nbsp;misj\u0105, Polska Izba Przemys\u0142u Targowego nieustannie promuje targi jako jeden z&nbsp;najwa\u017cniejszych instrument&oacute;w komunikacji bezpo\u015bredniej i&nbsp;marketingu dla&nbsp;firm z&nbsp;r&oacute;\u017cnych sektor&oacute;w gospodarki oraz zach\u0119ca przedsi\u0119biorc&oacute;w do&nbsp;udzia\u0142u w&nbsp;targach w&nbsp;charakterze wystawc&oacute;w i&nbsp;zwiedzaj\u0105cych.<\/p>\n<p>Wspieraj\u0105c wsp&oacute;\u0142prac\u0119 mi\u0119dzy partnerami i&nbsp;uczestnikami rynku targowego w&nbsp;Polsce, Izba po\u015bredniczy w&nbsp;wymianie informacji i&nbsp;do\u015bwiadcze\u0144 mi\u0119dzy cz\u0142onkami, a&nbsp;tak\u017ce realizuje wsp&oacute;lne projekty i&nbsp;przedsi\u0119wzi\u0119cia z&nbsp;ich&nbsp;udzia\u0142em. Jednocze\u015bnie Izba dba&nbsp;o&nbsp;transparentno\u015b\u0107 polskiego rynku targowego, poprzez audyt danych statystycznych targ&oacute;w, we&nbsp;wsp&oacute;\u0142pracy z&nbsp;mi\u0119dzynarodowym audytorem CENTREX &ndash; Mi\u0119dzynarodowym Zwi\u0105zkiem Statystyk Targowych.<\/p>\n<p>Od 2016 roku PIPT prowadzi og&oacute;lnopolsk\u0105 kampani\u0119 promocyjn\u0105 &bdquo;Targi Daj\u0105 Wi\u0119cej&rdquo;&nbsp;<a href=\"http:\/\/www.targidajawiecej.pl\/\" rel=\"nofollow noopener\" target=\"_blank\">(www.targidajawiecej.pl<\/a>)<\/p>\n<p>Dzi\u0119ki aktywnemu cz\u0142onkostwu w&nbsp;UFI&nbsp;&ndash; \u015awiatowym Stowarzyszeniu Przemys\u0142u Targowego, PIPT utrzymuje kontakty z&nbsp;najwa\u017cniejszymi rynkami targowymi w&nbsp;Europie i&nbsp;na&nbsp;\u015bwiecie. W\u015br&oacute;d najwa\u017cniejszych zagranicznych partner&oacute;w bran\u017cowych PIPT s\u0105&nbsp;tak\u017ce wspomniany wy\u017cej CENTREX &ndash; Mi\u0119dzynarodowy Zwi\u0105zek Statystyk Targowych z&nbsp;siedzib\u0105 w&nbsp;Budapeszcie, AUMA (Niemcy), AEFI i&nbsp;CFI&nbsp;(W\u0142ochy), UNIMEV (Francja), IFES i&nbsp;inne. Wraz z&nbsp;nimi PIPT aktywnie wspiera realizacj\u0119 projekt&oacute;w uznanych przez mi\u0119dzynarodowe \u015brodowisko ekspert&oacute;w targowych za&nbsp;istotne dla&nbsp;rozwoju targ&oacute;w na&nbsp;\u015bwiecie.<\/p>\n<p><em>\u0179r&oacute;d\u0142o: Polska Izba Przemys\u0142u Targowego, 2018.<\/em><\/p>\n","protected":false},"excerpt":{"rendered":"<p>Polska Izba Przemys\u0142u Targowego Polska Izba Przemys\u0142u Targowego (www.polfair.pl) dzia\u0142a od&nbsp;2006 roku jako izba gospodarcza przedsi\u0119biorc&oacute;w bran\u017cy targowej i&nbsp;bran\u017c zwi\u0105zanych &hellip; <span class=\"more-button\"><a href=\"https:\/\/polfair.pl\/new\/o-nas\/\" class=\"more-link\">Czytaj wi\u0119cej<span class=\"screen-reader-text\">O nas<\/span><\/a><\/span><\/p>\n","protected":false},"author":1,"featured_media":0,"parent":0,"menu_order":0,"comment_status":"closed","ping_status":"closed","template":"","meta":{"inline_featured_image":false,"footnotes":""},"class_list":["post-1471","page","type-page","status-publish","hentry"],"_links":{"self":[{"href":"https:\/\/polfair.pl\/new\/wp-json\/wp\/v2\/pages\/1471","targetHints":{"allow":["GET"]}}],"collection":[{"href":"https:\/\/polfair.pl\/new\/wp-json\/wp\/v2\/pages"}],"about":[{"href":"https:\/\/polfair.pl\/new\/wp-json\/wp\/v2\/types\/page"}],"author":[{"embeddable":true,"href":"https:\/\/polfair.pl\/new\/wp-json\/wp\/v2\/users\/1"}],"replies":[{"embeddable":true,"href":"https:\/\/polfair.pl\/new\/wp-json\/wp\/v2\/comments?post=1471"}],"version-history":[{"count":2,"href":"https:\/\/polfair.pl\/new\/wp-json\/wp\/v2\/pages\/1471\/revisions"}],"predecessor-version":[{"id":1866,"href":"https:\/\/polfair.pl\/new\/wp-json\/wp\/v2\/pages\/1471\/revisions\/1866"}],"wp:attachment":[{"href":"https:\/\/polfair.pl\/new\/wp-json\/wp\/v2\/media?parent=1471"}],"curies":[{"name":"wp","href":"https:\/\/api.w.org\/{rel}","templated":true}]}}