{"id":1435,"date":"2023-01-12T21:03:21","date_gmt":"2023-01-12T20:03:21","guid":{"rendered":"https:\/\/polfair.pl\/new\/?page_id=1435"},"modified":"2023-09-29T23:30:03","modified_gmt":"2023-09-29T21:30:03","slug":"30-lecie-pipt","status":"publish","type":"page","link":"https:\/\/polfair.pl\/new\/30-lecie-pipt\/","title":{"rendered":"30-lecie PIPT"},"content":{"rendered":"\n<figure class=\"wp-block-image size-large\"><img loading=\"lazy\" decoding=\"async\" width=\"1024\" height=\"479\" src=\"https:\/\/polfair.pl\/new\/wp-content\/uploads\/2023\/01\/30-lecie-pipt-logo-1024x479.png\" alt=\"30 lecie Polskiej Izby Przemys\u0142u Targowego\" class=\"wp-image-1308\" srcset=\"https:\/\/polfair.pl\/new\/wp-content\/uploads\/2023\/01\/30-lecie-pipt-logo-1024x479.png 1024w, https:\/\/polfair.pl\/new\/wp-content\/uploads\/2023\/01\/30-lecie-pipt-logo-300x140.png 300w, https:\/\/polfair.pl\/new\/wp-content\/uploads\/2023\/01\/30-lecie-pipt-logo-768x360.png 768w, https:\/\/polfair.pl\/new\/wp-content\/uploads\/2023\/01\/30-lecie-pipt-logo-1536x719.png 1536w, https:\/\/polfair.pl\/new\/wp-content\/uploads\/2023\/01\/30-lecie-pipt-logo.png 1920w\" sizes=\"auto, (max-width: 1024px) 100vw, 1024px\" \/><\/figure>\n\n\n\n<p>W 2023 roku Polska Izba Przemys\u0142u Targowego \u015bwi\u0119tuje Jubileusz 30-lecia.<\/p>\n<p>Celem obchod&oacute;w Jubileuszu jest podkre\u015blenie wk\u0142adu Polskiej Izby Przemys\u0142u Targowego w&nbsp;rozw&oacute;j polskiej bran\u017cy targowej oraz rodzimej gospodarki na&nbsp;przestrzeni ostatnich 30&nbsp;lat. Jednak przede wszystkim, chcemy podkre\u015bli\u0107 znaczenie i&nbsp;rol\u0119 targ&oacute;w w&nbsp;rozwoju polskich firm i&nbsp;polskiej gospodarki oraz promocji Polski, jako atrakcyjnej destynacji turystyki biznesowej, a&nbsp;tak\u017ce &bdquo;pochwali\u0107 si\u0119&rdquo; polskimi firmami projektuj\u0105cymi i&nbsp;buduj\u0105cym stoiska targowe, kt&oacute;re uznawane s\u0105&nbsp;w&nbsp;Europie za&nbsp;jedne z&nbsp;najlepszych.<\/p>\n<p>Chcemy r&oacute;wnie\u017c pokaza\u0107 targi od&nbsp;zupe\u0142nie innej, nowej strony jako targi, kt&oacute;re wykorzystuj\u0105c nowe technologie, innowacje i&nbsp;rozwi\u0105zania staj\u0105 si\u0119&nbsp;dla&nbsp;firm z&nbsp;wielu bran\u017c nowoczesnym narz\u0119dziem marketingu, komunikacji, rozwoju biznesu i&nbsp;eksportu.<\/p>\n<p>Izba jest dumna z&nbsp;ogromnego dorobku polskiego rynku targowego, zbudowanego na&nbsp;przestrzeni ostatnich 30&nbsp;lat&nbsp;wsp&oacute;lnymi si\u0142ami Cz\u0142onk&oacute;w i&nbsp;Izby oraz uznania, jakim polskie targi i&nbsp;firmy dzia\u0142aj\u0105ce w&nbsp;bran\u017cy targowej ciesz\u0105 si\u0119&nbsp;dzi\u015b w&nbsp;kraju i&nbsp;za&nbsp;granic\u0105.<\/p>\n\n\n\n<h3 class=\"wp-block-heading has-text-align-center has-medium-font-size\"><strong>KOMITET HONOROWY<\/strong><\/h3>\n\n\n\n<figure class=\"wp-block-gallery has-nested-images columns-5 my-gallery-30 wp-block-gallery-1 is-layout-flex wp-block-gallery-is-layout-flex\">\n<figure class=\"wp-block-image size-full\"><img loading=\"lazy\" decoding=\"async\" width=\"300\" height=\"114\" data-id=\"1824\" src=\"https:\/\/polfair.pl\/new\/wp-content\/uploads\/2023\/09\/ministerstwo-sportu-i-turystyki.png\" alt=\"\" class=\"wp-image-1824\"\/><\/figure>\n\n\n\n<figure class=\"wp-block-image size-medium\"><img loading=\"lazy\" decoding=\"async\" width=\"600\" height=\"303\" data-id=\"1819\" src=\"https:\/\/polfair.pl\/new\/wp-content\/uploads\/2023\/09\/polska-organizacja-turystyczna-logo-600x303.png\" alt=\"\" class=\"wp-image-1819\" srcset=\"https:\/\/polfair.pl\/new\/wp-content\/uploads\/2023\/09\/polska-organizacja-turystyczna-logo-600x303.png 600w, https:\/\/polfair.pl\/new\/wp-content\/uploads\/2023\/09\/polska-organizacja-turystyczna-logo-768x388.png 768w, https:\/\/polfair.pl\/new\/wp-content\/uploads\/2023\/09\/polska-organizacja-turystyczna-logo.png 854w\" sizes=\"auto, (max-width: 600px) 100vw, 600px\" \/><\/figure>\n\n\n\n<figure class=\"wp-block-image size-medium\"><img loading=\"lazy\" decoding=\"async\" width=\"600\" height=\"331\" data-id=\"1815\" src=\"https:\/\/polfair.pl\/new\/wp-content\/uploads\/2023\/09\/parp-grupa-pfr-logo-600x331.jpg\" alt=\"\" class=\"wp-image-1815\" srcset=\"https:\/\/polfair.pl\/new\/wp-content\/uploads\/2023\/09\/parp-grupa-pfr-logo-600x331.jpg 600w, https:\/\/polfair.pl\/new\/wp-content\/uploads\/2023\/09\/parp-grupa-pfr-logo-768x424.jpg 768w, https:\/\/polfair.pl\/new\/wp-content\/uploads\/2023\/09\/parp-grupa-pfr-logo.jpg 854w\" sizes=\"auto, (max-width: 600px) 100vw, 600px\" \/><\/figure>\n\n\n\n<figure class=\"wp-block-image size-full\"><img loading=\"lazy\" decoding=\"async\" width=\"588\" height=\"138\" data-id=\"1822\" src=\"https:\/\/polfair.pl\/new\/wp-content\/uploads\/2023\/09\/ufi-logo.png\" alt=\"\" class=\"wp-image-1822\"\/><\/figure>\n\n\n\n<figure class=\"wp-block-image size-medium\"><img loading=\"lazy\" decoding=\"async\" width=\"300\" height=\"82\" data-id=\"1253\" src=\"https:\/\/polfair.pl\/new\/wp-content\/uploads\/2022\/12\/kig-300x82.png\" alt=\"Krajowa Izba Gospodarcza\" class=\"wp-image-1253\" srcset=\"https:\/\/polfair.pl\/new\/wp-content\/uploads\/2022\/12\/kig-300x82.png 300w, https:\/\/polfair.pl\/new\/wp-content\/uploads\/2022\/12\/kig.png 366w\" sizes=\"auto, (max-width: 300px) 100vw, 300px\" \/><\/figure>\n\n\n\n<figure class=\"wp-block-image size-medium is-resized\"><img decoding=\"async\" data-id=\"1256\" src=\"https:\/\/polfair.pl\/new\/wp-content\/uploads\/2022\/12\/lewiatan.png\" alt=\"Konfederacja Lewiatan\" class=\"wp-image-1256\" style=\"width:150px\" width=\"150\"\/><\/figure>\n\n\n\n<figure class=\"wp-block-image size-full\"><img loading=\"lazy\" decoding=\"async\" width=\"219\" height=\"51\" data-id=\"1817\" src=\"https:\/\/polfair.pl\/new\/wp-content\/uploads\/2023\/09\/federacja-przedsiembiorcow-polskich-logo.png\" alt=\"\" class=\"wp-image-1817\"\/><\/figure>\n\n\n\n<figure class=\"wp-block-image size-full\"><img loading=\"lazy\" decoding=\"async\" width=\"359\" height=\"99\" data-id=\"1823\" src=\"https:\/\/polfair.pl\/new\/wp-content\/uploads\/2023\/09\/rzecznik-malych-i-srednich-przedsiebiorcow-logo.jpg\" alt=\"\" class=\"wp-image-1823\"\/><\/figure>\n\n\n\n<figure class=\"wp-block-image size-medium\"><img loading=\"lazy\" decoding=\"async\" width=\"600\" height=\"356\" data-id=\"1821\" src=\"https:\/\/polfair.pl\/new\/wp-content\/uploads\/2023\/09\/komitet-honorowy-poznan-logo-600x356.png\" alt=\"\" class=\"wp-image-1821\" srcset=\"https:\/\/polfair.pl\/new\/wp-content\/uploads\/2023\/09\/komitet-honorowy-poznan-logo-600x356.png 600w, https:\/\/polfair.pl\/new\/wp-content\/uploads\/2023\/09\/komitet-honorowy-poznan-logo-768x456.png 768w, https:\/\/polfair.pl\/new\/wp-content\/uploads\/2023\/09\/komitet-honorowy-poznan-logo.png 808w\" sizes=\"auto, (max-width: 600px) 100vw, 600px\" \/><\/figure>\n\n\n\n<figure class=\"wp-block-image size-medium\"><img loading=\"lazy\" decoding=\"async\" width=\"600\" height=\"262\" data-id=\"1820\" src=\"https:\/\/polfair.pl\/new\/wp-content\/uploads\/2023\/09\/prezydent-miasta-kielce-logo-600x262.png\" alt=\"\" class=\"wp-image-1820\" srcset=\"https:\/\/polfair.pl\/new\/wp-content\/uploads\/2023\/09\/prezydent-miasta-kielce-logo-600x262.png 600w, https:\/\/polfair.pl\/new\/wp-content\/uploads\/2023\/09\/prezydent-miasta-kielce-logo-768x335.png 768w, https:\/\/polfair.pl\/new\/wp-content\/uploads\/2023\/09\/prezydent-miasta-kielce-logo.png 854w\" sizes=\"auto, (max-width: 600px) 100vw, 600px\" \/><\/figure>\n\n\n\n<figure class=\"wp-block-image size-medium\"><img loading=\"lazy\" decoding=\"async\" width=\"600\" height=\"400\" data-id=\"1816\" src=\"https:\/\/polfair.pl\/new\/wp-content\/uploads\/2023\/09\/lublin-miasto-inspiracji-logo-600x400.png\" alt=\"\" class=\"wp-image-1816\" srcset=\"https:\/\/polfair.pl\/new\/wp-content\/uploads\/2023\/09\/lublin-miasto-inspiracji-logo-600x400.png 600w, https:\/\/polfair.pl\/new\/wp-content\/uploads\/2023\/09\/lublin-miasto-inspiracji-logo.png 612w\" sizes=\"auto, (max-width: 600px) 100vw, 600px\" \/><\/figure>\n\n\n\n<figure class=\"wp-block-image size-medium is-resized\"><img decoding=\"async\" data-id=\"1818\" src=\"https:\/\/polfair.pl\/new\/wp-content\/uploads\/2023\/09\/gdansk-logo-600x491.png\" alt=\"\" class=\"wp-image-1818\" style=\"width:150px\" width=\"150\" srcset=\"https:\/\/polfair.pl\/new\/wp-content\/uploads\/2023\/09\/gdansk-logo-600x491.png 600w, https:\/\/polfair.pl\/new\/wp-content\/uploads\/2023\/09\/gdansk-logo-768x629.png 768w, https:\/\/polfair.pl\/new\/wp-content\/uploads\/2023\/09\/gdansk-logo.png 940w\" sizes=\"(max-width: 600px) 100vw, 600px\" \/><\/figure>\n\n\n\n<figure class=\"wp-block-image size-medium is-resized\"><img decoding=\"async\" data-id=\"1255\" src=\"https:\/\/polfair.pl\/new\/wp-content\/uploads\/2022\/12\/rpsiw-300x92.png\" alt=\"Rada Przemys\u0142u Spotka\u0144 i Wydarze\u0144\" class=\"wp-image-1255\" style=\"width:200px\" width=\"200\" srcset=\"https:\/\/polfair.pl\/new\/wp-content\/uploads\/2022\/12\/rpsiw-300x92.png 300w, https:\/\/polfair.pl\/new\/wp-content\/uploads\/2022\/12\/rpsiw.png 316w\" sizes=\"(max-width: 300px) 100vw, 300px\" \/><\/figure>\n\n\n\n<figure class=\"wp-block-image size-full is-resized\"><img decoding=\"async\" data-id=\"1830\" src=\"https:\/\/polfair.pl\/new\/wp-content\/uploads\/2023\/09\/centrex-logo.png\" alt=\"\" class=\"wp-image-1830\" style=\"width:200px\" width=\"200\"\/><\/figure>\n<\/figure>\n\n\n\n<h3 class=\"wp-block-heading has-text-align-center has-medium-font-size\"><strong>PATRONAT MEDIALNY<\/strong><\/h3>\n\n\n\n<figure class=\"wp-block-gallery has-nested-images columns-4 wp-block-gallery-2 is-layout-flex wp-block-gallery-is-layout-flex\">\n<figure class=\"wp-block-image size-thumbnail\"><img loading=\"lazy\" decoding=\"async\" width=\"300\" height=\"179\" data-id=\"1842\" src=\"https:\/\/polfair.pl\/new\/wp-content\/uploads\/2023\/09\/tvp3-logo.jpg\" alt=\"\" class=\"wp-image-1842\"\/><\/figure>\n\n\n\n<figure class=\"wp-block-image size-thumbnail\"><img loading=\"lazy\" decoding=\"async\" width=\"300\" height=\"135\" data-id=\"1838\" src=\"https:\/\/polfair.pl\/new\/wp-content\/uploads\/2023\/09\/ooh-magazine-logo.jpg\" alt=\"\" class=\"wp-image-1838\"\/><\/figure>\n\n\n\n<figure class=\"wp-block-image size-thumbnail\"><img loading=\"lazy\" decoding=\"async\" width=\"300\" height=\"89\" data-id=\"1841\" src=\"https:\/\/polfair.pl\/new\/wp-content\/uploads\/2023\/09\/meeting-planner-logo.jpg\" alt=\"\" class=\"wp-image-1841\"\/><\/figure>\n\n\n\n<figure class=\"wp-block-image size-full\"><img loading=\"lazy\" decoding=\"async\" width=\"600\" height=\"151\" data-id=\"1840\" src=\"https:\/\/polfair.pl\/new\/wp-content\/uploads\/2023\/09\/wpoznaniu-logo.png\" alt=\"\" class=\"wp-image-1840\"\/><\/figure>\n\n\n\n<figure class=\"wp-block-image size-thumbnail\"><img loading=\"lazy\" decoding=\"async\" width=\"300\" height=\"152\" data-id=\"1836\" src=\"https:\/\/polfair.pl\/new\/wp-content\/uploads\/2023\/09\/partner-targowy-logo-300x152.jpg\" alt=\"\" class=\"wp-image-1836\"\/><\/figure>\n\n\n\n<figure class=\"wp-block-image size-thumbnail is-resized\"><img decoding=\"async\" data-id=\"1837\" src=\"https:\/\/polfair.pl\/new\/wp-content\/uploads\/2023\/09\/marketing-przy-kawie-logo.jpg\" alt=\"\" class=\"wp-image-1837\" style=\"width:180px\" width=\"180\" srcset=\"https:\/\/polfair.pl\/new\/wp-content\/uploads\/2023\/09\/marketing-przy-kawie-logo.jpg 300w, https:\/\/polfair.pl\/new\/wp-content\/uploads\/2023\/09\/marketing-przy-kawie-logo-270x270.jpg 270w, https:\/\/polfair.pl\/new\/wp-content\/uploads\/2023\/09\/marketing-przy-kawie-logo-100x100.jpg 100w, https:\/\/polfair.pl\/new\/wp-content\/uploads\/2023\/09\/marketing-przy-kawie-logo-50x50.jpg 50w\" sizes=\"(max-width: 300px) 100vw, 300px\" \/><\/figure>\n\n\n\n<figure class=\"wp-block-image size-thumbnail is-resized\"><img decoding=\"async\" data-id=\"1839\" src=\"https:\/\/polfair.pl\/new\/wp-content\/uploads\/2023\/09\/think-mice-logo.jpg\" alt=\"\" class=\"wp-image-1839\" style=\"width:150px\" width=\"150\" srcset=\"https:\/\/polfair.pl\/new\/wp-content\/uploads\/2023\/09\/think-mice-logo.jpg 300w, https:\/\/polfair.pl\/new\/wp-content\/uploads\/2023\/09\/think-mice-logo-270x270.jpg 270w, https:\/\/polfair.pl\/new\/wp-content\/uploads\/2023\/09\/think-mice-logo-100x100.jpg 100w, https:\/\/polfair.pl\/new\/wp-content\/uploads\/2023\/09\/think-mice-logo-50x50.jpg 50w\" sizes=\"(max-width: 300px) 100vw, 300px\" \/><\/figure>\n<\/figure>\n\n\n\n<h3 class=\"wp-block-heading has-text-align-center has-medium-font-size\"><strong>PARTNERZY<\/strong><\/h3>\n\n\n\n<figure class=\"wp-block-gallery has-nested-images columns-6 wp-block-gallery-3 is-layout-flex wp-block-gallery-is-layout-flex\">\n<figure class=\"wp-block-image size-full\"><img loading=\"lazy\" decoding=\"async\" width=\"300\" height=\"184\" data-id=\"1853\" src=\"https:\/\/polfair.pl\/new\/wp-content\/uploads\/2023\/09\/amber-expo-logo.jpg\" alt=\"\" class=\"wp-image-1853\"\/><\/figure>\n\n\n\n<figure class=\"wp-block-image size-full\"><img loading=\"lazy\" decoding=\"async\" width=\"300\" height=\"172\" data-id=\"1852\" src=\"https:\/\/polfair.pl\/new\/wp-content\/uploads\/2023\/09\/expo-xxi-logo.jpg\" alt=\"\" class=\"wp-image-1852\"\/><\/figure>\n\n\n\n<figure class=\"wp-block-image size-medium is-style-default\"><img loading=\"lazy\" decoding=\"async\" width=\"126\" height=\"69\" data-id=\"1846\" src=\"https:\/\/polfair.pl\/new\/wp-content\/uploads\/2023\/09\/EMG-logo.jpg\" alt=\"\" class=\"wp-image-1846\"\/><\/figure>\n\n\n\n<figure class=\"wp-block-image size-full\"><img loading=\"lazy\" decoding=\"async\" width=\"300\" height=\"137\" data-id=\"1854\" src=\"https:\/\/polfair.pl\/new\/wp-content\/uploads\/2023\/09\/mtp-logo.jpg\" alt=\"\" class=\"wp-image-1854\"\/><\/figure>\n\n\n\n<figure class=\"wp-block-image size-medium\"><img loading=\"lazy\" decoding=\"async\" width=\"600\" height=\"350\" data-id=\"1849\" src=\"https:\/\/polfair.pl\/new\/wp-content\/uploads\/2023\/09\/targi-kielce-logo-600x350.jpg\" alt=\"\" class=\"wp-image-1849\" srcset=\"https:\/\/polfair.pl\/new\/wp-content\/uploads\/2023\/09\/targi-kielce-logo-600x350.jpg 600w, https:\/\/polfair.pl\/new\/wp-content\/uploads\/2023\/09\/targi-kielce-logo-768x448.jpg 768w, https:\/\/polfair.pl\/new\/wp-content\/uploads\/2023\/09\/targi-kielce-logo.jpg 822w\" sizes=\"auto, (max-width: 600px) 100vw, 600px\" \/><\/figure>\n\n\n\n<figure class=\"wp-block-image size-medium\"><img loading=\"lazy\" decoding=\"async\" width=\"600\" height=\"381\" data-id=\"1850\" src=\"https:\/\/polfair.pl\/new\/wp-content\/uploads\/2023\/09\/targi-w-krakowie-logo-600x381.jpg\" alt=\"\" class=\"wp-image-1850\" srcset=\"https:\/\/polfair.pl\/new\/wp-content\/uploads\/2023\/09\/targi-w-krakowie-logo-600x381.jpg 600w, https:\/\/polfair.pl\/new\/wp-content\/uploads\/2023\/09\/targi-w-krakowie-logo.jpg 755w\" sizes=\"auto, (max-width: 600px) 100vw, 600px\" \/><\/figure>\n\n\n\n<figure class=\"wp-block-image size-full\"><img loading=\"lazy\" decoding=\"async\" width=\"285\" height=\"111\" data-id=\"1851\" src=\"https:\/\/polfair.pl\/new\/wp-content\/uploads\/2023\/09\/extend-vision-logo.png\" alt=\"\" class=\"wp-image-1851\"\/><\/figure>\n\n\n\n<figure class=\"wp-block-image size-medium\"><img loading=\"lazy\" decoding=\"async\" width=\"600\" height=\"112\" data-id=\"1844\" src=\"https:\/\/polfair.pl\/new\/wp-content\/uploads\/2023\/09\/bematrix-logo-600x112.png\" alt=\"\" class=\"wp-image-1844\" srcset=\"https:\/\/polfair.pl\/new\/wp-content\/uploads\/2023\/09\/bematrix-logo-600x112.png 600w, https:\/\/polfair.pl\/new\/wp-content\/uploads\/2023\/09\/bematrix-logo-768x144.png 768w, https:\/\/polfair.pl\/new\/wp-content\/uploads\/2023\/09\/bematrix-logo.png 854w\" sizes=\"auto, (max-width: 600px) 100vw, 600px\" \/><\/figure>\n\n\n\n<figure class=\"wp-block-image size-medium\"><img loading=\"lazy\" decoding=\"async\" width=\"600\" height=\"203\" data-id=\"1845\" src=\"https:\/\/polfair.pl\/new\/wp-content\/uploads\/2023\/09\/Matrix-system-logo-600x203.jpg\" alt=\"\" class=\"wp-image-1845\" srcset=\"https:\/\/polfair.pl\/new\/wp-content\/uploads\/2023\/09\/Matrix-system-logo-600x203.jpg 600w, https:\/\/polfair.pl\/new\/wp-content\/uploads\/2023\/09\/Matrix-system-logo-768x260.jpg 768w, https:\/\/polfair.pl\/new\/wp-content\/uploads\/2023\/09\/Matrix-system-logo.jpg 854w\" sizes=\"auto, (max-width: 600px) 100vw, 600px\" \/><\/figure>\n\n\n\n<figure class=\"wp-block-image size-medium\"><img loading=\"lazy\" decoding=\"async\" width=\"600\" height=\"137\" data-id=\"1847\" src=\"https:\/\/polfair.pl\/new\/wp-content\/uploads\/2023\/09\/melinski-logo-600x137.jpg\" alt=\"\" class=\"wp-image-1847\" srcset=\"https:\/\/polfair.pl\/new\/wp-content\/uploads\/2023\/09\/melinski-logo-600x137.jpg 600w, https:\/\/polfair.pl\/new\/wp-content\/uploads\/2023\/09\/melinski-logo-768x175.jpg 768w, https:\/\/polfair.pl\/new\/wp-content\/uploads\/2023\/09\/melinski-logo.jpg 854w\" sizes=\"auto, (max-width: 600px) 100vw, 600px\" \/><\/figure>\n\n\n\n<figure class=\"wp-block-image size-medium\"><img loading=\"lazy\" decoding=\"async\" width=\"600\" height=\"280\" data-id=\"1848\" src=\"https:\/\/polfair.pl\/new\/wp-content\/uploads\/2023\/09\/partner-logo-600x280.png\" alt=\"\" class=\"wp-image-1848\" srcset=\"https:\/\/polfair.pl\/new\/wp-content\/uploads\/2023\/09\/partner-logo-600x280.png 600w, https:\/\/polfair.pl\/new\/wp-content\/uploads\/2023\/09\/partner-logo-768x358.png 768w, https:\/\/polfair.pl\/new\/wp-content\/uploads\/2023\/09\/partner-logo.png 854w\" sizes=\"auto, (max-width: 600px) 100vw, 600px\" \/><\/figure>\n<\/figure>\n\n\n\n<h3 class=\"wp-block-heading has-text-align-center has-medium-font-size\"><strong>OFERTA PARTNERSKA<\/strong><\/h3>\n\n\n\n<figure class=\"wp-block-image size-full is-style-default\"><a href=\"https:\/\/polfair.pl\/new\/wp-content\/uploads\/2023\/01\/Ofera-Partnerska_Sponsoring_04.01.2023.pdf\"><img loading=\"lazy\" decoding=\"async\" width=\"1024\" height=\"450\" src=\"https:\/\/polfair.pl\/new\/wp-content\/uploads\/2023\/01\/Oferta-partnerska_sponsor-1024x450-1.jpg\" alt=\"Oferta Partnerska Sponsoring\" class=\"wp-image-1453\" srcset=\"https:\/\/polfair.pl\/new\/wp-content\/uploads\/2023\/01\/Oferta-partnerska_sponsor-1024x450-1.jpg 1024w, https:\/\/polfair.pl\/new\/wp-content\/uploads\/2023\/01\/Oferta-partnerska_sponsor-1024x450-1-600x264.jpg 600w, https:\/\/polfair.pl\/new\/wp-content\/uploads\/2023\/01\/Oferta-partnerska_sponsor-1024x450-1-768x338.jpg 768w\" sizes=\"auto, (max-width: 1024px) 100vw, 1024px\" \/><\/a><\/figure>\n\n\n\n<div style=\"height:10px\" aria-hidden=\"true\" class=\"wp-block-spacer\"><\/div>\n\n\n\n<div class=\"wp-block-columns alignwide is-layout-flex wp-container-core-columns-is-layout-9d6595d7 wp-block-columns-is-layout-flex\">\n<div class=\"wp-block-column is-vertically-aligned-top is-layout-flow wp-block-column-is-layout-flow\">\n<h5 class=\"wp-block-heading has-text-align-center\">30 LAT MIEN\u0118\u0141O<\/h5>\n\n\n\n<figure class=\"wp-block-image size-full\"><img loading=\"lazy\" decoding=\"async\" width=\"768\" height=\"570\" src=\"https:\/\/polfair.pl\/new\/wp-content\/uploads\/2023\/01\/Akcja-30-lat-minelo.jpg\" alt=\"Akcja 30 lat min\u0119\u0142o\" class=\"wp-image-1466\" srcset=\"https:\/\/polfair.pl\/new\/wp-content\/uploads\/2023\/01\/Akcja-30-lat-minelo.jpg 768w, https:\/\/polfair.pl\/new\/wp-content\/uploads\/2023\/01\/Akcja-30-lat-minelo-600x445.jpg 600w\" sizes=\"auto, (max-width: 768px) 100vw, 768px\" \/><\/figure>\n<\/div>\n\n\n\n<div class=\"wp-block-column is-layout-flow wp-block-column-is-layout-flow\">\n<h5 class=\"wp-block-heading has-text-align-center\">SUKCESY PIPT<\/h5>\n\n\n\n<figure class=\"wp-block-image size-full\"><img loading=\"lazy\" decoding=\"async\" width=\"720\" height=\"480\" src=\"https:\/\/polfair.pl\/new\/wp-content\/uploads\/2023\/09\/sukcesy-pipt-1.png\" alt=\"\" class=\"wp-image-1860\" srcset=\"https:\/\/polfair.pl\/new\/wp-content\/uploads\/2023\/09\/sukcesy-pipt-1.png 720w, https:\/\/polfair.pl\/new\/wp-content\/uploads\/2023\/09\/sukcesy-pipt-1-600x400.png 600w, https:\/\/polfair.pl\/new\/wp-content\/uploads\/2023\/09\/sukcesy-pipt-1-666x444.png 666w\" sizes=\"auto, (max-width: 720px) 100vw, 720px\" \/><\/figure>\n<\/div>\n<\/div>\n\n\n\n<div class=\"wp-block-columns alignwide is-layout-flex wp-container-core-columns-is-layout-9d6595d7 wp-block-columns-is-layout-flex\">\n<div class=\"wp-block-column is-vertically-aligned-top is-layout-flow wp-block-column-is-layout-flow\">\n<h5 class=\"wp-block-heading has-text-align-center\">ZAS\u0141U\u017bENI DLA BRAN\u017bY<\/h5>\n\n\n\n<figure class=\"wp-block-image size-full\"><img loading=\"lazy\" decoding=\"async\" width=\"721\" height=\"480\" src=\"https:\/\/polfair.pl\/new\/wp-content\/uploads\/2023\/09\/zasluzeni-dla-branzy-1.jpg\" alt=\"\" class=\"wp-image-1861\" srcset=\"https:\/\/polfair.pl\/new\/wp-content\/uploads\/2023\/09\/zasluzeni-dla-branzy-1.jpg 721w, https:\/\/polfair.pl\/new\/wp-content\/uploads\/2023\/09\/zasluzeni-dla-branzy-1-600x399.jpg 600w, https:\/\/polfair.pl\/new\/wp-content\/uploads\/2023\/09\/zasluzeni-dla-branzy-1-666x444.jpg 666w\" sizes=\"auto, (max-width: 721px) 100vw, 721px\" \/><\/figure>\n<\/div>\n\n\n\n<div class=\"wp-block-column is-layout-flow wp-block-column-is-layout-flow\">\n<h5 class=\"wp-block-heading has-text-align-center\">M\u0141ODZI WINNI SUKCESU<\/h5>\n\n\n\n<figure class=\"wp-block-image size-full\"><img loading=\"lazy\" decoding=\"async\" width=\"768\" height=\"516\" src=\"https:\/\/polfair.pl\/new\/wp-content\/uploads\/2023\/01\/Mlodzi-winni-sukcesu.jpg\" alt=\"M\u0142odzi winni sukcesu\" class=\"wp-image-1464\" srcset=\"https:\/\/polfair.pl\/new\/wp-content\/uploads\/2023\/01\/Mlodzi-winni-sukcesu.jpg 768w, https:\/\/polfair.pl\/new\/wp-content\/uploads\/2023\/01\/Mlodzi-winni-sukcesu-600x403.jpg 600w\" sizes=\"auto, (max-width: 768px) 100vw, 768px\" \/><\/figure>\n<\/div>\n<\/div>\n\n\n\n<div class=\"wp-block-columns alignwide is-layout-flex wp-container-core-columns-is-layout-9d6595d7 wp-block-columns-is-layout-flex\">\n<div class=\"wp-block-column is-vertically-aligned-top is-layout-flow wp-block-column-is-layout-flow\">\n<h5 class=\"wp-block-heading has-text-align-center\">CIEKAWOTSKI, CZY WIESZ, \u017bE &#8230;<\/h5>\n\n\n\n<figure class=\"wp-block-image size-full\"><img loading=\"lazy\" decoding=\"async\" width=\"722\" height=\"480\" src=\"https:\/\/polfair.pl\/new\/wp-content\/uploads\/2023\/09\/ciekawostki-czy-wiesz-ze.jpg\" alt=\"\" class=\"wp-image-1857\" srcset=\"https:\/\/polfair.pl\/new\/wp-content\/uploads\/2023\/09\/ciekawostki-czy-wiesz-ze.jpg 722w, https:\/\/polfair.pl\/new\/wp-content\/uploads\/2023\/09\/ciekawostki-czy-wiesz-ze-600x399.jpg 600w, https:\/\/polfair.pl\/new\/wp-content\/uploads\/2023\/09\/ciekawostki-czy-wiesz-ze-666x444.jpg 666w\" sizes=\"auto, (max-width: 722px) 100vw, 722px\" \/><\/figure>\n<\/div>\n\n\n\n<div class=\"wp-block-column is-layout-flow wp-block-column-is-layout-flow\"><\/div>\n<\/div>\n","protected":false},"excerpt":{"rendered":"<p>W 2023 roku Polska Izba Przemys\u0142u Targowego \u015bwi\u0119tuje Jubileusz 30-lecia. Celem obchod&oacute;w Jubileuszu jest podkre\u015blenie wk\u0142adu Polskiej Izby Przemys\u0142u Targowego &hellip; <span class=\"more-button\"><a href=\"https:\/\/polfair.pl\/new\/30-lecie-pipt\/\" class=\"more-link\">Czytaj wi\u0119cej<span class=\"screen-reader-text\">30-lecie PIPT<\/span><\/a><\/span><\/p>\n","protected":false},"author":1,"featured_media":0,"parent":0,"menu_order":0,"comment_status":"closed","ping_status":"closed","template":"","meta":{"inline_featured_image":false,"footnotes":""},"class_list":["post-1435","page","type-page","status-publish","hentry"],"_links":{"self":[{"href":"https:\/\/polfair.pl\/new\/wp-json\/wp\/v2\/pages\/1435","targetHints":{"allow":["GET"]}}],"collection":[{"href":"https:\/\/polfair.pl\/new\/wp-json\/wp\/v2\/pages"}],"about":[{"href":"https:\/\/polfair.pl\/new\/wp-json\/wp\/v2\/types\/page"}],"author":[{"embeddable":true,"href":"https:\/\/polfair.pl\/new\/wp-json\/wp\/v2\/users\/1"}],"replies":[{"embeddable":true,"href":"https:\/\/polfair.pl\/new\/wp-json\/wp\/v2\/comments?post=1435"}],"version-history":[{"count":30,"href":"https:\/\/polfair.pl\/new\/wp-json\/wp\/v2\/pages\/1435\/revisions"}],"predecessor-version":[{"id":1864,"href":"https:\/\/polfair.pl\/new\/wp-json\/wp\/v2\/pages\/1435\/revisions\/1864"}],"wp:attachment":[{"href":"https:\/\/polfair.pl\/new\/wp-json\/wp\/v2\/media?parent=1435"}],"curies":[{"name":"wp","href":"https:\/\/api.w.org\/{rel}","templated":true}]}}